{"id":1075,"date":"2023-09-08T17:29:09","date_gmt":"2023-09-08T17:29:09","guid":{"rendered":"https:\/\/izn-nord.net\/?page_id=1075"},"modified":"2023-09-29T10:47:49","modified_gmt":"2023-09-29T10:47:49","slug":"video-aus-schule","status":"publish","type":"page","link":"https:\/\/izn-nord.net\/?page_id=1075","title":{"rendered":"Video \u00fcber das Institut"},"content":{"rendered":"\n<p>In Zusammenarbeit mit der Fa. Pluradent entstand im Sommer 2016 das Video \u00fcber unser Institut und den neuen Schulungsraum mit CAD\/CAM-Displays.&nbsp;<\/p>\n<p>&nbsp;<\/p>\n\n\n\n<figure class=\"wp-block-embed is-type-video is-provider-youtube wp-block-embed-youtube wp-embed-aspect-16-9 wp-has-aspect-ratio\"><div class=\"wp-block-embed__wrapper\">\n<iframe loading=\"lazy\"  id=\"_ytid_36430\"  width=\"604\" height=\"340\"  data-origwidth=\"604\" data-origheight=\"340\" src=\"https:\/\/www.youtube.com\/embed\/WbS1teblER8?enablejsapi=1&#038;autoplay=0&#038;cc_load_policy=0&#038;cc_lang_pref=&#038;iv_load_policy=1&#038;loop=0&#038;modestbranding=0&#038;rel=1&#038;fs=1&#038;playsinline=0&#038;autohide=2&#038;theme=dark&#038;color=red&#038;controls=1&#038;\" class=\"__youtube_prefs__  epyt-is-override  no-lazyload\" title=\"YouTube player\"  allow=\"fullscreen; accelerometer; autoplay; clipboard-write; encrypted-media; gyroscope; picture-in-picture\" allowfullscreen data-no-lazy=\"1\" data-skipgform_ajax_framebjll=\"\"><\/iframe>\n<\/div><\/figure>\n","protected":false},"excerpt":{"rendered":"<p>In Zusammenarbeit mit der Fa. Pluradent entstand im Sommer 2016 das Video \u00fcber unser Institut und den neuen Schulungsraum mit CAD\/CAM-Displays.&nbsp; &nbsp;<\/p>\n","protected":false},"author":6,"featured_media":0,"parent":0,"menu_order":0,"comment_status":"closed","ping_status":"closed","template":"","meta":{"ngg_post_thumbnail":0,"footnotes":"","_glsr_average":0,"_glsr_ranking":0,"_glsr_reviews":0},"yoast_head":"<!-- This site is optimized with the Yoast SEO plugin v23.1 - https:\/\/yoast.com\/wordpress\/plugins\/seo\/ -->\n<title>IZN Nord - Mit Biss f\u00fcr Ihre Z\u00e4hne - Weiterbildung f\u00fcr das Zahntechnikerhandwerk<\/title>\n<meta name=\"description\" content=\"Meistervorbereitungslehrg\u00e4nge, Gesellenvorbereitungskurse, Fachpraxisseminare\" \/>\n<meta name=\"robots\" content=\"index, follow, max-snippet:-1, max-image-preview:large, max-video-preview:-1\" \/>\n<link rel=\"canonical\" href=\"https:\/\/izn-nord.net\/?page_id=1075\" \/>\n<meta property=\"og:locale\" content=\"de_DE\" \/>\n<meta property=\"og:type\" content=\"article\" \/>\n<meta property=\"og:title\" content=\"IZN Nord - Mit Biss f\u00fcr Ihre Z\u00e4hne - Weiterbildung f\u00fcr das Zahntechnikerhandwerk\" \/>\n<meta property=\"og:description\" content=\"Meistervorbereitungslehrg\u00e4nge, Gesellenvorbereitungskurse, Fachpraxisseminare\" \/>\n<meta property=\"og:url\" content=\"https:\/\/izn-nord.net\/?page_id=1075\" \/>\n<meta property=\"og:site_name\" content=\"IZN-Nord\" \/>\n<meta property=\"article:modified_time\" content=\"2023-09-29T10:47:49+00:00\" \/>\n<meta property=\"og:image\" content=\"https:\/\/izn-nord.net\/wp-content\/uploads\/2023\/11\/IZN_Logo_Website_1200x675Px_11_23.jpg\" \/>\n\t<meta property=\"og:image:width\" content=\"14172\" \/>\n\t<meta property=\"og:image:height\" content=\"7972\" \/>\n\t<meta property=\"og:image:type\" content=\"image\/jpeg\" \/>\n<meta name=\"twitter:card\" content=\"summary_large_image\" \/>\n<script type=\"application\/ld+json\" class=\"yoast-schema-graph\">{\"@context\":\"https:\/\/schema.org\",\"@graph\":[{\"@type\":\"WebPage\",\"@id\":\"https:\/\/izn-nord.net\/?page_id=1075\",\"url\":\"https:\/\/izn-nord.net\/?page_id=1075\",\"name\":\"IZN Nord - Mit Biss f\u00fcr Ihre Z\u00e4hne - Weiterbildung f\u00fcr das Zahntechnikerhandwerk\",\"isPartOf\":{\"@id\":\"https:\/\/izn-nord.net\/#website\"},\"datePublished\":\"2023-09-08T17:29:09+00:00\",\"dateModified\":\"2023-09-29T10:47:49+00:00\",\"description\":\"Meistervorbereitungslehrg\u00e4nge, Gesellenvorbereitungskurse, Fachpraxisseminare\",\"inLanguage\":\"de-DE\",\"potentialAction\":[{\"@type\":\"ReadAction\",\"target\":[\"https:\/\/izn-nord.net\/?page_id=1075\"]}]},{\"@type\":\"WebSite\",\"@id\":\"https:\/\/izn-nord.net\/#website\",\"url\":\"https:\/\/izn-nord.net\/\",\"name\":\"IZN-Nord\",\"description\":\"Mit Biss f\u00fcr Ihre Z\u00e4hne\",\"publisher\":{\"@id\":\"https:\/\/izn-nord.net\/#organization\"},\"alternateName\":\"Institut des Zahntechnikerhandwerks in Niedersachsen und Bremen e.V.\",\"potentialAction\":[{\"@type\":\"SearchAction\",\"target\":{\"@type\":\"EntryPoint\",\"urlTemplate\":\"https:\/\/izn-nord.net\/?s={search_term_string}\"},\"query-input\":\"required name=search_term_string\"}],\"inLanguage\":\"de-DE\"},{\"@type\":\"Organization\",\"@id\":\"https:\/\/izn-nord.net\/#organization\",\"name\":\"IZN Nord\",\"alternateName\":\"Institut des Zahntechnikerhandwerks in Niedersachsen und Bremen e.V.\",\"url\":\"https:\/\/izn-nord.net\/\",\"logo\":{\"@type\":\"ImageObject\",\"inLanguage\":\"de-DE\",\"@id\":\"https:\/\/izn-nord.net\/#\/schema\/logo\/image\/\",\"url\":\"https:\/\/izn-nord.net\/wp-content\/uploads\/2023\/11\/IZN_Logo_Website_696x696Px_11_23.jpg\",\"contentUrl\":\"https:\/\/izn-nord.net\/wp-content\/uploads\/2023\/11\/IZN_Logo_Website_696x696Px_11_23.jpg\",\"width\":696,\"height\":696,\"caption\":\"IZN Nord\"},\"image\":{\"@id\":\"https:\/\/izn-nord.net\/#\/schema\/logo\/image\/\"},\"sameAs\":[\"https:\/\/www.instagram.com\/izn.nord\/?hl=de\"]}]}<\/script>\n<!-- \/ Yoast SEO plugin. -->","yoast_head_json":{"title":"IZN Nord - Mit Biss f\u00fcr Ihre Z\u00e4hne - Weiterbildung f\u00fcr das Zahntechnikerhandwerk","description":"Meistervorbereitungslehrg\u00e4nge, Gesellenvorbereitungskurse, Fachpraxisseminare","robots":{"index":"index","follow":"follow","max-snippet":"max-snippet:-1","max-image-preview":"max-image-preview:large","max-video-preview":"max-video-preview:-1"},"canonical":"https:\/\/izn-nord.net\/?page_id=1075","og_locale":"de_DE","og_type":"article","og_title":"IZN Nord - Mit Biss f\u00fcr Ihre Z\u00e4hne - Weiterbildung f\u00fcr das Zahntechnikerhandwerk","og_description":"Meistervorbereitungslehrg\u00e4nge, Gesellenvorbereitungskurse, Fachpraxisseminare","og_url":"https:\/\/izn-nord.net\/?page_id=1075","og_site_name":"IZN-Nord","article_modified_time":"2023-09-29T10:47:49+00:00","og_image":[{"width":14172,"height":7972,"url":"https:\/\/izn-nord.net\/wp-content\/uploads\/2023\/11\/IZN_Logo_Website_1200x675Px_11_23.jpg","type":"image\/jpeg"}],"twitter_card":"summary_large_image","schema":{"@context":"https:\/\/schema.org","@graph":[{"@type":"WebPage","@id":"https:\/\/izn-nord.net\/?page_id=1075","url":"https:\/\/izn-nord.net\/?page_id=1075","name":"IZN Nord - Mit Biss f\u00fcr Ihre Z\u00e4hne - Weiterbildung f\u00fcr das Zahntechnikerhandwerk","isPartOf":{"@id":"https:\/\/izn-nord.net\/#website"},"datePublished":"2023-09-08T17:29:09+00:00","dateModified":"2023-09-29T10:47:49+00:00","description":"Meistervorbereitungslehrg\u00e4nge, Gesellenvorbereitungskurse, Fachpraxisseminare","inLanguage":"de-DE","potentialAction":[{"@type":"ReadAction","target":["https:\/\/izn-nord.net\/?page_id=1075"]}]},{"@type":"WebSite","@id":"https:\/\/izn-nord.net\/#website","url":"https:\/\/izn-nord.net\/","name":"IZN-Nord","description":"Mit Biss f\u00fcr Ihre Z\u00e4hne","publisher":{"@id":"https:\/\/izn-nord.net\/#organization"},"alternateName":"Institut des Zahntechnikerhandwerks in Niedersachsen und Bremen e.V.","potentialAction":[{"@type":"SearchAction","target":{"@type":"EntryPoint","urlTemplate":"https:\/\/izn-nord.net\/?s={search_term_string}"},"query-input":"required name=search_term_string"}],"inLanguage":"de-DE"},{"@type":"Organization","@id":"https:\/\/izn-nord.net\/#organization","name":"IZN Nord","alternateName":"Institut des Zahntechnikerhandwerks in Niedersachsen und Bremen e.V.","url":"https:\/\/izn-nord.net\/","logo":{"@type":"ImageObject","inLanguage":"de-DE","@id":"https:\/\/izn-nord.net\/#\/schema\/logo\/image\/","url":"https:\/\/izn-nord.net\/wp-content\/uploads\/2023\/11\/IZN_Logo_Website_696x696Px_11_23.jpg","contentUrl":"https:\/\/izn-nord.net\/wp-content\/uploads\/2023\/11\/IZN_Logo_Website_696x696Px_11_23.jpg","width":696,"height":696,"caption":"IZN Nord"},"image":{"@id":"https:\/\/izn-nord.net\/#\/schema\/logo\/image\/"},"sameAs":["https:\/\/www.instagram.com\/izn.nord\/?hl=de"]}]}},"_links":{"self":[{"href":"https:\/\/izn-nord.net\/index.php?rest_route=\/wp\/v2\/pages\/1075"}],"collection":[{"href":"https:\/\/izn-nord.net\/index.php?rest_route=\/wp\/v2\/pages"}],"about":[{"href":"https:\/\/izn-nord.net\/index.php?rest_route=\/wp\/v2\/types\/page"}],"author":[{"embeddable":true,"href":"https:\/\/izn-nord.net\/index.php?rest_route=\/wp\/v2\/users\/6"}],"replies":[{"embeddable":true,"href":"https:\/\/izn-nord.net\/index.php?rest_route=%2Fwp%2Fv2%2Fcomments&post=1075"}],"version-history":[{"count":9,"href":"https:\/\/izn-nord.net\/index.php?rest_route=\/wp\/v2\/pages\/1075\/revisions"}],"predecessor-version":[{"id":1242,"href":"https:\/\/izn-nord.net\/index.php?rest_route=\/wp\/v2\/pages\/1075\/revisions\/1242"}],"wp:attachment":[{"href":"https:\/\/izn-nord.net\/index.php?rest_route=%2Fwp%2Fv2%2Fmedia&parent=1075"}],"curies":[{"name":"wp","href":"https:\/\/api.w.org\/{rel}","templated":true}]}}