{"id":1148,"date":"2023-09-22T12:25:10","date_gmt":"2023-09-22T12:25:10","guid":{"rendered":"https:\/\/izn-nord.net\/?page_id=1148"},"modified":"2023-10-30T16:56:51","modified_gmt":"2023-10-30T16:56:51","slug":"teilnahmebedingungen","status":"publish","type":"page","link":"https:\/\/izn-nord.net\/?page_id=1148","title":{"rendered":"Teilnahmebedingungen"},"content":{"rendered":"\n<p><strong>1. Anmeldung<\/strong><br>Bitte f\u00fcllen Sie das digitale Anmeldeformular aus und senden Sie es uns zu. Damit ist Ihre Anmeldung verbindlich. Mit der Anmeldung erkennt der Teilnehmer die Teilnahmebedingungen an. Alle Anmeldungen werden in der Reihenfolge des Eingangs gebucht und schriftlich best\u00e4tigt. Bei Meistervorbereitungslehrg\u00e4ngen erhalten Sie mit unserer Anmeldebest\u00e4tigung eine Rechnung \u00fcber Ihre Aufnahmegeb\u00fchr in H\u00f6he von 200,- \u20ac. Die Aufnahmegeb\u00fchr ist sofort nach Erhalt der Rechnung zu zahlen.<\/p>\n<p><strong>2. Seminar- bzw. Lehrgangsgeb\u00fchren<\/strong><br>Vor Veranstaltungsbeginn erhalten Sie eine Einladung mit Geb\u00fchrenrechnung. Mit Zustellung der Einladung (Rechnung) wird die Seminargeb\u00fchr f\u00e4llig und ist innerhalb von 14 Tagen nach Erhalt der Rechnung, sp\u00e4testens bis zum Veranstaltungsbeginn, zu zahlen. Die Seminar- bzw. Lehrgangsgeb\u00fchr ist unabh\u00e4ngig von Leistungen Dritter (z. B. Arbeitsamt, Aufstiegs-BAf\u00f6G, Berufsf\u00f6rderungsdienst oder <span class=\"izn-18\">Begabtenf\u00f6rderung Berufliche Bildung (BBB)<\/span>) zu zahlen. Auf schriftlichen Antrag ist eine Ratenzahlung m\u00f6glich. Teilnehmer, die der Zahlungsverpflichtung nicht bis sp\u00e4testens zum Veranstaltungsbeginn nachkommen, k\u00f6nnen von der Teilnahme an der betreffenden Veranstaltung ausgeschlossen werden. <strong>Die Pflicht zur Zahlung der Geb\u00fchren wird durch den Ausschluss nicht ber\u00fchrt. <\/strong><strong>Die im Kursprogramm angegebenen Lehrgangsgeb\u00fchren sind g\u00fcltig bis zum Ablauf des jeweiligen Jahres.<\/strong><\/p>\n<p><strong>3. Teilnehmerbegrenzung und R\u00fccktrittsbedingungen<\/strong><br>Praxisnahe, fundierte Wissensvermittlung und der Erfahrungsaustausch unter den Teilnehmern haben f\u00fcr uns Priorit\u00e4t. Ein guter Grund daf\u00fcr, die Teilnehmerzahlen der Lehrg\u00e4nge zu begrenzen. Grund aber auch f\u00fcr Stornobedingungen, die den finanziellen Rahmen zwischen Ihnen und uns auf faire Weise regeln sollen:<\/p>\n<p>Ihre schriftliche Anmeldung ist verbindlich und verpflichtet grunds\u00e4tzlich zur Zahlung der Teilnehmergeb\u00fchr.<\/p>\n<p>Nach erfolgter Anmeldung ist ein R\u00fccktritt nur unter den nachstehenden Bedingungen m\u00f6glich:<\/p>\n<ul>\n<li>Wenn Sie eine Ersatzperson stellen, sind Sie von der Zahlung einer Ausfallgeb\u00fchr befreit.<\/li>\n<li>Falls keine Ersatzperson benannt wird, m\u00fcssen wir eine Ausfallgeb\u00fchr in Rechnung stellen. Die H\u00f6he der Ausfallgeb\u00fchr richtet sich nach dem Zeitpunkt der schriftlichen Abmeldung (Eingang beim Veranstalter) und der H\u00f6he der Seminar- bzw. Lehrgangsgeb\u00fchr sowie Dauer der Ma\u00dfnahme.<\/li>\n<\/ul>\n<p>A) F\u00fcr Lehrgangsma\u00dfnahmen mit einer Dauer von weniger als 6 Monaten gilt:<\/p>\n<ul>\n<li>Bei R\u00fccktritt bis 14 Tage vor Veranstaltungsbeginn ist eine Bearbeitungsgeb\u00fchr von 20% der Seminar- bzw. Lehrgangsgeb\u00fchr, mindestens jedoch ein Betrag von 30,- \u20ac zu zahlen.<\/li>\n<li>Bei R\u00fccktritt vom 13. bis 4. Tag vor Veranstaltungsbeginn ist eine Ausfallgeb\u00fchr in H\u00f6he von 50% der Seminar- bzw. Lehrgangsgeb\u00fchr zu zahlen.<\/li>\n<li>Bei R\u00fccktritt nach dem 4. Tag vor Veranstaltungsbeginn ist die volle Seminar- bzw. Lehrgangsgeb\u00fchr zu zahlen.<\/li>\n<\/ul>\n<p><strong>In jedem Fall hat die R\u00fccktrittserkl\u00e4rung schriftlich zu erfolgen. Bei Nichtteilnahme ohne schriftliche Abmeldung ist die gesamte Seminar- bzw. Lehrgangsgeb\u00fchr zu zahlen.<\/strong><\/p>\n<p>B) Bei Teilnahme an einer beruflichen Bildungsma\u00dfnahme mit einer Dauer von mehr als sechs Monaten gilt:<\/p>\n<ul>\n<li>Bei K\u00fcndigung bis sp\u00e4testens 6 Wochen vor Beginn des entsprechenden Lehrganges wird eine Stornogeb\u00fchr in H\u00f6he von 60,- \u20ac berechnet!<\/li>\n<li>Bei R\u00fccktritt innerhalb der 6 Wochen vor Lehrgangsbeginn sowie nach Beginn der Lehrgangsma\u00dfnahme ist eine K\u00fcndigung erstmals zum Ende der ersten 6 Monate, sodann zum Ende der n\u00e4chsten 6 Monate ohne Angabe von Gr\u00fcnden m\u00f6glich.<\/li>\n<\/ul>\n<p><strong>In jedem Fall hat die K\u00fcndigung schriftlich zu erfolgen.<\/strong><br>Im Falle der K\u00fcndigung werden die Lehrgangsgeb\u00fchren anteilig bis zum Ablauf der K\u00fcndigungsfrist berechnet. Antr\u00e4ge auf R\u00fcckerstattung bed\u00fcrfen der Schriftform. Lernmittel- und Nebenkosten k\u00f6nnen nicht erstattet werden.<\/p>\n<p><strong>4. Seminarabsage\/\u00c4nderungen<\/strong><br>Das Institut des Zahntechnikerhandwerks in Niedersachsen und Bremen e.V. beh\u00e4lt sich das Recht vor, bei ungen\u00fcgender Beteiligung oder aufgrund anderer zwingender Gr\u00fcnde Veranstaltungen abzusagen. Bereits gezahlte Geb\u00fchren werden dann zur\u00fcckerstattet. Weitgehende Anspr\u00fcche der Teilnehmer sind ausgeschlossen. Organisatorische \u00c4nderungen, die den Ablauf der Veranstaltung oder den Einsatz von Dozenten betreffen, beh\u00e4lt sich das Institut des Zahntechnikerhandwerks in Niedersachsen und Bremen e.V. ebenfalls vor. Die im Kursprogramm genannten Angaben (Preise, Termine etc.) entsprechen der Drucklegung des Flyers. Gleiches gilt f\u00fcr Ausz\u00fcge hieraus.<\/p>\n<p><strong>5. Haftung<\/strong><br>Bei Diebstahl, Verlust oder Besch\u00e4digung des Eigentums von Teilnehmern\/ innen w\u00e4hrend des Aufenthaltes am Lehrgangsort \u00fcbernimmt das Institut des Zahntechnikerhandwerks in Niedersachsen und Bremen e.V. keine Haftung.<\/p>\n<p><strong>7. Versicherungsschutz<\/strong><br>Gegen alle Unf\u00e4lle w\u00e4hrend der Unterrichtszeit (auf dem Gel\u00e4nde bzw. in den R\u00e4umen der Bildungseinrichtungen) sind die Teilnehmer\/innen im Rahmen der gesetzlichen Unfallversicherung versichert. Der Unfallversicherungsschutz richtet sich nach den Bestimmungen der zust\u00e4ndigen Berufsgenossenschaft, soweit die gesetzliche Unfallversicherung zust\u00e4ndig ist. Ansonsten haben die Teilnehmer\/innen selbst f\u00fcr ihren Versicherungsschutz zu sorgen.<\/p>\n<p><strong>8. Datenschutz<\/strong><br>Die mit der Anmeldung \u00fcbermittelten Daten werden in der EDV-Anlage des Instituts des Zahntechnikerhandwerks in Niedersachsen und Bremen e.V. gespeichert und gem\u00e4\u00df der geltenden Datenschutzbestimmungen verarbeitet. Die Daten unterliegen den datenschutzrechtlichen Bestimmungen. Es wird vorsorglich darauf hingewiesen, dass bei einer finanziellen F\u00f6rderung des Lehrganges \u00fcber die erfolgte Teilnahme die f\u00f6rdernde Stelle auf Anfrage zu unterrichten ist. Erkl\u00e4rungen zum Datenschutz und zur Datenverarbeitung: siehe Datenschutzerkl\u00e4rung, Informationspflichten, Einwilligung Datenverarbeitung<\/p>\n<p><strong>8. Sonstiges<\/strong><br>Im Falle der Unwirksamkeit einzelner Klauseln dieser Teilnahme- und Zahlungsbedingungen bleibt die Wirksamkeit der \u00fcbrigen Bestimmungen unber\u00fchrt. Gerichtsstand ist f\u00fcr beide Teile Hannover.<\/p>\n<p>Stand: 22.09. 2023<\/p>\n","protected":false},"excerpt":{"rendered":"<p>1. AnmeldungBitte f\u00fcllen Sie das digitale Anmeldeformular aus und senden Sie es uns zu. Damit ist Ihre Anmeldung verbindlich. Mit der Anmeldung erkennt der Teilnehmer die Teilnahmebedingungen an. Alle Anmeldungen werden in der Reihenfolge des Eingangs gebucht und schriftlich best\u00e4tigt. Bei Meistervorbereitungslehrg\u00e4ngen erhalten Sie mit unserer Anmeldebest\u00e4tigung eine Rechnung \u00fcber Ihre Aufnahmegeb\u00fchr in H\u00f6he von 200,- \u20ac. Die Aufnahmegeb\u00fchr ist<\/p>\n<div class=\"read-more\"><a class=\"more-link\" href=\"https:\/\/izn-nord.net\/?page_id=1148\">Read More &#8230;<\/a><\/div>\n","protected":false},"author":6,"featured_media":0,"parent":0,"menu_order":0,"comment_status":"closed","ping_status":"closed","template":"","meta":{"ngg_post_thumbnail":0,"footnotes":"","_glsr_average":0,"_glsr_ranking":0,"_glsr_reviews":0},"yoast_head":"<!-- This site is optimized with the Yoast SEO plugin v23.1 - https:\/\/yoast.com\/wordpress\/plugins\/seo\/ -->\n<title>IZN Nord - Mit Biss f\u00fcr Ihre Z\u00e4hne - Weiterbildung f\u00fcr das Zahntechnikerhandwerk<\/title>\n<meta name=\"description\" content=\"Meistervorbereitungslehrg\u00e4nge, Gesellenvorbereitungskurse, Fachpraxisseminare\" \/>\n<meta name=\"robots\" content=\"index, follow, max-snippet:-1, max-image-preview:large, max-video-preview:-1\" \/>\n<link rel=\"canonical\" href=\"https:\/\/izn-nord.net\/?page_id=1148\" \/>\n<meta property=\"og:locale\" content=\"de_DE\" \/>\n<meta property=\"og:type\" content=\"article\" \/>\n<meta property=\"og:title\" content=\"IZN Nord - Mit Biss f\u00fcr Ihre Z\u00e4hne - Weiterbildung f\u00fcr das Zahntechnikerhandwerk\" \/>\n<meta property=\"og:description\" content=\"Meistervorbereitungslehrg\u00e4nge, Gesellenvorbereitungskurse, Fachpraxisseminare\" \/>\n<meta property=\"og:url\" content=\"https:\/\/izn-nord.net\/?page_id=1148\" \/>\n<meta property=\"og:site_name\" content=\"IZN-Nord\" \/>\n<meta property=\"article:modified_time\" content=\"2023-10-30T16:56:51+00:00\" \/>\n<meta property=\"og:image\" content=\"https:\/\/izn-nord.net\/wp-content\/uploads\/2023\/11\/IZN_Logo_Website_1200x675Px_11_23.jpg\" \/>\n\t<meta property=\"og:image:width\" content=\"14172\" \/>\n\t<meta property=\"og:image:height\" content=\"7972\" \/>\n\t<meta property=\"og:image:type\" content=\"image\/jpeg\" \/>\n<meta name=\"twitter:card\" content=\"summary_large_image\" \/>\n<meta name=\"twitter:label1\" content=\"Gesch\u00e4tzte Lesezeit\" \/>\n\t<meta name=\"twitter:data1\" content=\"4 Minuten\" \/>\n<script type=\"application\/ld+json\" class=\"yoast-schema-graph\">{\"@context\":\"https:\/\/schema.org\",\"@graph\":[{\"@type\":\"WebPage\",\"@id\":\"https:\/\/izn-nord.net\/?page_id=1148\",\"url\":\"https:\/\/izn-nord.net\/?page_id=1148\",\"name\":\"IZN Nord - Mit Biss f\u00fcr Ihre Z\u00e4hne - Weiterbildung f\u00fcr das Zahntechnikerhandwerk\",\"isPartOf\":{\"@id\":\"https:\/\/izn-nord.net\/#website\"},\"datePublished\":\"2023-09-22T12:25:10+00:00\",\"dateModified\":\"2023-10-30T16:56:51+00:00\",\"description\":\"Meistervorbereitungslehrg\u00e4nge, Gesellenvorbereitungskurse, Fachpraxisseminare\",\"inLanguage\":\"de-DE\",\"potentialAction\":[{\"@type\":\"ReadAction\",\"target\":[\"https:\/\/izn-nord.net\/?page_id=1148\"]}]},{\"@type\":\"WebSite\",\"@id\":\"https:\/\/izn-nord.net\/#website\",\"url\":\"https:\/\/izn-nord.net\/\",\"name\":\"IZN-Nord\",\"description\":\"Mit Biss f\u00fcr Ihre Z\u00e4hne\",\"publisher\":{\"@id\":\"https:\/\/izn-nord.net\/#organization\"},\"alternateName\":\"Institut des Zahntechnikerhandwerks in Niedersachsen und Bremen e.V.\",\"potentialAction\":[{\"@type\":\"SearchAction\",\"target\":{\"@type\":\"EntryPoint\",\"urlTemplate\":\"https:\/\/izn-nord.net\/?s={search_term_string}\"},\"query-input\":\"required name=search_term_string\"}],\"inLanguage\":\"de-DE\"},{\"@type\":\"Organization\",\"@id\":\"https:\/\/izn-nord.net\/#organization\",\"name\":\"IZN Nord\",\"alternateName\":\"Institut des Zahntechnikerhandwerks in Niedersachsen und Bremen e.V.\",\"url\":\"https:\/\/izn-nord.net\/\",\"logo\":{\"@type\":\"ImageObject\",\"inLanguage\":\"de-DE\",\"@id\":\"https:\/\/izn-nord.net\/#\/schema\/logo\/image\/\",\"url\":\"https:\/\/izn-nord.net\/wp-content\/uploads\/2023\/11\/IZN_Logo_Website_696x696Px_11_23.jpg\",\"contentUrl\":\"https:\/\/izn-nord.net\/wp-content\/uploads\/2023\/11\/IZN_Logo_Website_696x696Px_11_23.jpg\",\"width\":696,\"height\":696,\"caption\":\"IZN Nord\"},\"image\":{\"@id\":\"https:\/\/izn-nord.net\/#\/schema\/logo\/image\/\"},\"sameAs\":[\"https:\/\/www.instagram.com\/izn.nord\/?hl=de\"]}]}<\/script>\n<!-- \/ Yoast SEO plugin. -->","yoast_head_json":{"title":"IZN Nord - Mit Biss f\u00fcr Ihre Z\u00e4hne - Weiterbildung f\u00fcr das Zahntechnikerhandwerk","description":"Meistervorbereitungslehrg\u00e4nge, Gesellenvorbereitungskurse, Fachpraxisseminare","robots":{"index":"index","follow":"follow","max-snippet":"max-snippet:-1","max-image-preview":"max-image-preview:large","max-video-preview":"max-video-preview:-1"},"canonical":"https:\/\/izn-nord.net\/?page_id=1148","og_locale":"de_DE","og_type":"article","og_title":"IZN Nord - Mit Biss f\u00fcr Ihre Z\u00e4hne - Weiterbildung f\u00fcr das Zahntechnikerhandwerk","og_description":"Meistervorbereitungslehrg\u00e4nge, Gesellenvorbereitungskurse, Fachpraxisseminare","og_url":"https:\/\/izn-nord.net\/?page_id=1148","og_site_name":"IZN-Nord","article_modified_time":"2023-10-30T16:56:51+00:00","og_image":[{"width":14172,"height":7972,"url":"https:\/\/izn-nord.net\/wp-content\/uploads\/2023\/11\/IZN_Logo_Website_1200x675Px_11_23.jpg","type":"image\/jpeg"}],"twitter_card":"summary_large_image","twitter_misc":{"Gesch\u00e4tzte Lesezeit":"4 Minuten"},"schema":{"@context":"https:\/\/schema.org","@graph":[{"@type":"WebPage","@id":"https:\/\/izn-nord.net\/?page_id=1148","url":"https:\/\/izn-nord.net\/?page_id=1148","name":"IZN Nord - Mit Biss f\u00fcr Ihre Z\u00e4hne - Weiterbildung f\u00fcr das Zahntechnikerhandwerk","isPartOf":{"@id":"https:\/\/izn-nord.net\/#website"},"datePublished":"2023-09-22T12:25:10+00:00","dateModified":"2023-10-30T16:56:51+00:00","description":"Meistervorbereitungslehrg\u00e4nge, Gesellenvorbereitungskurse, Fachpraxisseminare","inLanguage":"de-DE","potentialAction":[{"@type":"ReadAction","target":["https:\/\/izn-nord.net\/?page_id=1148"]}]},{"@type":"WebSite","@id":"https:\/\/izn-nord.net\/#website","url":"https:\/\/izn-nord.net\/","name":"IZN-Nord","description":"Mit Biss f\u00fcr Ihre Z\u00e4hne","publisher":{"@id":"https:\/\/izn-nord.net\/#organization"},"alternateName":"Institut des Zahntechnikerhandwerks in Niedersachsen und Bremen e.V.","potentialAction":[{"@type":"SearchAction","target":{"@type":"EntryPoint","urlTemplate":"https:\/\/izn-nord.net\/?s={search_term_string}"},"query-input":"required name=search_term_string"}],"inLanguage":"de-DE"},{"@type":"Organization","@id":"https:\/\/izn-nord.net\/#organization","name":"IZN Nord","alternateName":"Institut des Zahntechnikerhandwerks in Niedersachsen und Bremen e.V.","url":"https:\/\/izn-nord.net\/","logo":{"@type":"ImageObject","inLanguage":"de-DE","@id":"https:\/\/izn-nord.net\/#\/schema\/logo\/image\/","url":"https:\/\/izn-nord.net\/wp-content\/uploads\/2023\/11\/IZN_Logo_Website_696x696Px_11_23.jpg","contentUrl":"https:\/\/izn-nord.net\/wp-content\/uploads\/2023\/11\/IZN_Logo_Website_696x696Px_11_23.jpg","width":696,"height":696,"caption":"IZN Nord"},"image":{"@id":"https:\/\/izn-nord.net\/#\/schema\/logo\/image\/"},"sameAs":["https:\/\/www.instagram.com\/izn.nord\/?hl=de"]}]}},"_links":{"self":[{"href":"https:\/\/izn-nord.net\/index.php?rest_route=\/wp\/v2\/pages\/1148"}],"collection":[{"href":"https:\/\/izn-nord.net\/index.php?rest_route=\/wp\/v2\/pages"}],"about":[{"href":"https:\/\/izn-nord.net\/index.php?rest_route=\/wp\/v2\/types\/page"}],"author":[{"embeddable":true,"href":"https:\/\/izn-nord.net\/index.php?rest_route=\/wp\/v2\/users\/6"}],"replies":[{"embeddable":true,"href":"https:\/\/izn-nord.net\/index.php?rest_route=%2Fwp%2Fv2%2Fcomments&post=1148"}],"version-history":[{"count":16,"href":"https:\/\/izn-nord.net\/index.php?rest_route=\/wp\/v2\/pages\/1148\/revisions"}],"predecessor-version":[{"id":1417,"href":"https:\/\/izn-nord.net\/index.php?rest_route=\/wp\/v2\/pages\/1148\/revisions\/1417"}],"wp:attachment":[{"href":"https:\/\/izn-nord.net\/index.php?rest_route=%2Fwp%2Fv2%2Fmedia&parent=1148"}],"curies":[{"name":"wp","href":"https:\/\/api.w.org\/{rel}","templated":true}]}}