{"id":1211,"date":"2023-09-27T14:02:07","date_gmt":"2023-09-27T14:02:07","guid":{"rendered":"https:\/\/izn-nord.net\/?page_id=1211"},"modified":"2023-09-29T17:06:07","modified_gmt":"2023-09-29T17:06:07","slug":"1211-2","status":"publish","type":"page","link":"https:\/\/izn-nord.net\/?page_id=1211","title":{"rendered":"Einwilligung Datenverarbeitung"},"content":{"rendered":"\n\n\n<div class=\"wp-block-contact-form-7-contact-form-selector\">\n<div class=\"wpcf7 no-js\" id=\"wpcf7-f1210-o1\" lang=\"de-DE\" dir=\"ltr\">\n<div class=\"screen-reader-response\"><p role=\"status\" aria-live=\"polite\" aria-atomic=\"true\"><\/p> <ul><\/ul><\/div>\n<form action=\"\/index.php?rest_route=%2Fwp%2Fv2%2Fpages%2F1211#wpcf7-f1210-o1\" method=\"post\" class=\"wpcf7-form init\" aria-label=\"Kontaktformular\" novalidate=\"novalidate\" data-status=\"init\">\n<div style=\"display: none;\">\n<input type=\"hidden\" name=\"_wpcf7\" value=\"1210\" \/>\n<input type=\"hidden\" name=\"_wpcf7_version\" value=\"5.9.8\" \/>\n<input type=\"hidden\" name=\"_wpcf7_locale\" value=\"de_DE\" \/>\n<input type=\"hidden\" name=\"_wpcf7_unit_tag\" value=\"wpcf7-f1210-o1\" \/>\n<input type=\"hidden\" name=\"_wpcf7_container_post\" value=\"0\" \/>\n<input type=\"hidden\" name=\"_wpcf7_posted_data_hash\" value=\"\" \/>\n<input type=\"hidden\" name=\"_wpcf7_recaptcha_response\" value=\"\" \/>\n<\/div>\n<p><b>Erl\u00e4uterung zur Einwilligungserkl\u00e4rung<\/b>\n<\/p>\n<p>Neue Datenschutzregelungen machen es notwendig, dass wir Sie \u2013 unsere Mitgliedsbetriebe und Kunden \u2013 um Ihre Einwilligung bitten, wenn wir Ihre Daten verarbeiten und speichern. Daf\u00fcr nutzen wir dieses Formular. Sie helfen uns, wenn Sie uns Ihre Einwilligungen \u00fcber diesen Weg \u00fcbermitteln. Insbesondere ben\u00f6tigen wir Ihre Erlaubnis, dass wir mit Ihnen elektronisch kommunizieren d\u00fcrfen. \u00dcbermitteln Sie uns dazu bitte Ihre aktuelle E-Mail-Adresse und Ihr Einverst\u00e4ndnis, dass wir diesen Kommunikationsweg nutzen k\u00f6nnen. Wenn Sie einverstanden sind, dann f\u00fcllen Sie bitte die entsprechenden Felder aus und leiten das Formular wieder an uns zur\u00fcck. Sollte sich Ihre Betriebsanschrift zwischenzeitlich ge\u00e4ndert haben, so k\u00f6nnen Sie uns gern auch diese \u00c4nderung mitteilen.\n<\/p>\n<p><label> Vorname, Name<br \/>\n<span class=\"wpcf7-form-control-wrap\" data-name=\"your-name\"><input size=\"40\" maxlength=\"400\" class=\"wpcf7-form-control wpcf7-text wpcf7-validates-as-required\" aria-required=\"true\" aria-invalid=\"false\" value=\"\" type=\"text\" name=\"your-name\" \/><\/span> <\/label>\n<\/p>\n<p><label> Geburtsdatum<br \/>\n<span class=\"wpcf7-form-control-wrap\" data-name=\"your-birth\"><input size=\"40\" maxlength=\"400\" class=\"wpcf7-form-control wpcf7-text wpcf7-validates-as-required\" aria-required=\"true\" aria-invalid=\"false\" value=\"\" type=\"text\" name=\"your-birth\" \/><\/span> <\/label>\n<\/p>\n<p><label> Stra\u00dfe Haus-Nr., PLZ Wohnort<br \/>\n<span class=\"wpcf7-form-control-wrap\" data-name=\"your-adress\"><input size=\"40\" maxlength=\"400\" class=\"wpcf7-form-control wpcf7-text wpcf7-validates-as-required\" aria-required=\"true\" aria-invalid=\"false\" value=\"\" type=\"text\" name=\"your-adress\" \/><\/span> <\/label>\n<\/p>\n<p><label> Festnetz-Nr.<br \/>\n<span class=\"wpcf7-form-control-wrap\" data-name=\"tel-462\"><input size=\"40\" maxlength=\"400\" class=\"wpcf7-form-control wpcf7-tel wpcf7-validates-as-required wpcf7-text wpcf7-validates-as-tel\" aria-required=\"true\" aria-invalid=\"false\" value=\"\" type=\"tel\" name=\"tel-462\" \/><\/span> <\/label>\n<\/p>\n<p><label> Mobil-Nr.<br \/>\n<span class=\"wpcf7-form-control-wrap\" data-name=\"tel-893\"><input size=\"40\" maxlength=\"400\" class=\"wpcf7-form-control wpcf7-tel wpcf7-validates-as-required wpcf7-text wpcf7-validates-as-tel\" aria-required=\"true\" aria-invalid=\"false\" value=\"\" type=\"tel\" name=\"tel-893\" \/><\/span> <\/label>\n<\/p>\n<p><label> E-Mail<br \/>\n<span class=\"wpcf7-form-control-wrap\" data-name=\"your-email\"><input size=\"40\" maxlength=\"400\" class=\"wpcf7-form-control wpcf7-email wpcf7-validates-as-required wpcf7-text wpcf7-validates-as-email\" aria-required=\"true\" aria-invalid=\"false\" value=\"\" type=\"email\" name=\"your-email\" \/><\/span> <\/label>\n<\/p>\n<p><b>Angaben zum Betrieb<\/b><br \/>\nDiese Angaben sind nur durch Vertretungsberechtigte des Betriebs auszuf\u00fcllen!\n<\/p>\n<p><label> Betrieb<br \/>\n<span class=\"wpcf7-form-control-wrap\" data-name=\"your-company\"><input size=\"40\" maxlength=\"400\" class=\"wpcf7-form-control wpcf7-text wpcf7-validates-as-required\" aria-required=\"true\" aria-invalid=\"false\" value=\"\" type=\"text\" name=\"your-company\" \/><\/span> <\/label>\n<\/p>\n<p><label> Betriebsnummer<br \/>\n<span class=\"wpcf7-form-control-wrap\" data-name=\"your-companynumber\"><input size=\"40\" maxlength=\"400\" class=\"wpcf7-form-control wpcf7-text wpcf7-validates-as-required\" aria-required=\"true\" aria-invalid=\"false\" value=\"\" type=\"text\" name=\"your-companynumber\" \/><\/span> <\/label>\n<\/p>\n<p><label> Stra\u00dfe Haus-Nr., PLZ Wohnort<br \/>\n<span class=\"wpcf7-form-control-wrap\" data-name=\"your-adress2\"><input size=\"40\" maxlength=\"400\" class=\"wpcf7-form-control wpcf7-text wpcf7-validates-as-required\" aria-required=\"true\" aria-invalid=\"false\" value=\"\" type=\"text\" name=\"your-adress2\" \/><\/span> <\/label>\n<\/p>\n<p><label> Festnetz-Nr. Betrieb<br \/>\n<span class=\"wpcf7-form-control-wrap\" data-name=\"tel-4622\"><input size=\"40\" maxlength=\"400\" class=\"wpcf7-form-control wpcf7-tel wpcf7-validates-as-required wpcf7-text wpcf7-validates-as-tel\" aria-required=\"true\" aria-invalid=\"false\" value=\"\" type=\"tel\" name=\"tel-4622\" \/><\/span> <\/label>\n<\/p>\n<p><label> E-Mail Betrieb<br \/>\n<span class=\"wpcf7-form-control-wrap\" data-name=\"your-companyemail\"><input size=\"40\" maxlength=\"400\" class=\"wpcf7-form-control wpcf7-email wpcf7-validates-as-required wpcf7-text wpcf7-validates-as-email\" aria-required=\"true\" aria-invalid=\"false\" value=\"\" type=\"email\" name=\"your-companyemail\" \/><\/span> <\/label>\n<\/p>\n<p><b>Datenverarbeitung\/Datenschutzerkl\u00e4rung<\/b>\n<\/p>\n<p><span class=\"wpcf7-form-control-wrap\" data-name=\"acceptance-910\"><span class=\"wpcf7-form-control wpcf7-acceptance\"><span class=\"wpcf7-list-item\"><label><input type=\"checkbox\" name=\"acceptance-910\" value=\"1\" aria-invalid=\"false\" \/><span class=\"wpcf7-list-item-label\">Unter <b><a href=\"https:\/\/izn-nord.net\/?page_id=574\">Datenschutzerkl\u00e4rung<\/a><\/b> und <b><a href=\"https:\/\/izn-nord.net\/?page_id=757\">Informationspflichten<\/a><\/b> habe ich die Informationen des Instituts des Zahntechnikerhandwerks in Niedersachsen und Bremen e.V. zur Kenntnis genommen und bin mit der Verarbeitung meiner hier freiwillig angegebenen Daten zu folgenden Zwecken einverstanden:<\/span><\/label><\/span><\/span><\/span>\n<\/p>\n<p>(zutreffendes bitte ankreuzen)<br \/>\n<span class=\"wpcf7-form-control-wrap\" data-name=\"acceptance-900\"><span class=\"wpcf7-form-control wpcf7-acceptance optional\"><span class=\"wpcf7-list-item\"><label><input type=\"checkbox\" name=\"acceptance-900\" value=\"1\" aria-invalid=\"false\" \/><span class=\"wpcf7-list-item-label\">zur elektronischen Kontaktaufnahme<\/span><\/label><\/span><\/span><\/span><br \/>\n<span class=\"wpcf7-form-control-wrap\" data-name=\"acceptance-901\"><span class=\"wpcf7-form-control wpcf7-acceptance optional\"><span class=\"wpcf7-list-item\"><label><input type=\"checkbox\" name=\"acceptance-901\" value=\"1\" aria-invalid=\"false\" \/><span class=\"wpcf7-list-item-label\">f\u00fcr Versandaktionen und Werbung des Instituts des Zahntechnikerhandwerks in Niedersachsen und Bremen e.V.<\/span><\/label><\/span><\/span><\/span><br \/>\n<span class=\"wpcf7-form-control-wrap\" data-name=\"acceptance-902\"><span class=\"wpcf7-form-control wpcf7-acceptance optional\"><span class=\"wpcf7-list-item\"><label><input type=\"checkbox\" name=\"acceptance-902\" value=\"1\" aria-invalid=\"false\" \/><span class=\"wpcf7-list-item-label\">f\u00fcr das Kundenportal des Instituts des Zahntechnikerhandwerks in Niedersachsen und Bremen e.V.<\/span><\/label><\/span><\/span><\/span>\n<\/p>\n<p><label> Ort, Datum<br \/>\n<span class=\"wpcf7-form-control-wrap\" data-name=\"your-citydate\"><input size=\"40\" maxlength=\"400\" class=\"wpcf7-form-control wpcf7-text wpcf7-validates-as-required\" aria-required=\"true\" aria-invalid=\"false\" value=\"\" type=\"text\" name=\"your-citydate\" \/><\/span> <\/label>\n<\/p>\n<p><label> Unterschrift per Finger am iPhone\/iPad oder per Maus\/Stift<br \/>\n<div class=\"dscf7_signature\">\n\t\t\t<div class=\"dscf7_signature_inner\">\n\t\t\t\t<canvas id=\"digital_signature-pad_signature-575\" name=\"signature-575\" class=\"digital_signature-pad\" color=\"#000000\" backcolor=\"#dddddd\" width=\"400\" height=\"100\"><\/canvas>\n\t\t\t\t<input class=\"clearButton\" type=\"button\" value=\"+\">\n\t\t\t<\/div>\n\t\t\t<span class=\"wpcf7-form-control-wrap signature-575\">\n\t\t\t\t<input class=\"wpcf7-form-control wpcf7-signature wpcf7-validates-as-requiredwpcf7-validates-as-signaturedscf7-signature\" value=\"\" type=\"hidden\" name=\"signature-575\"\/>\n\t\t\t\t<input type=\"hidden\" name=\"signature-575-attachment\" class=\"wpcf7_input_signature-575_attachment\"\/>\n\t\t\t\t<input type=\"hidden\" name=\"signature-575-inline\" class=\"wpcf7_input_signature-575_inline\"\/>\n\t\t\t<\/span>\n\t\t<\/div> <\/label><br \/>\nEine Kopie dieser Nachricht wird an Ihre E-Mail-Adresse gesandt.\n<\/p>\n<p><b>Widerruf<\/b><br \/>\nIch bin informiert, dass ich diese Einwilligung jederzeit teilweise oder in G\u00e4nze widerrufen kann. Der Widerruf ist an den Verantwortlichen f\u00fcr die angegebenen datenverarbeitenden Vorg\u00e4nge zu richten: Institut des Zahntechnikerhandwerks in Niedersachsen und Bremen e.V., Seeweg 4, 30827 Garbsen. Die Datenverarbeitung bleibt bis zum Zeitpunkt des Widerrufs (Eingang beim IZN) rechtm\u00e4\u00dfig.\n<\/p>\n<p><input class=\"wpcf7-form-control wpcf7-submit has-spinner\" type=\"submit\" value=\"Senden\" \/>\n<\/p><div class=\"wpcf7-response-output\" aria-hidden=\"true\"><\/div>\n<\/form>\n<\/div>\n<\/div>\n","protected":false},"excerpt":{"rendered":"","protected":false},"author":6,"featured_media":0,"parent":0,"menu_order":0,"comment_status":"closed","ping_status":"closed","template":"","meta":{"ngg_post_thumbnail":0,"footnotes":"","_glsr_average":0,"_glsr_ranking":0,"_glsr_reviews":0},"yoast_head":"<!-- This site is optimized with the Yoast SEO plugin v23.1 - https:\/\/yoast.com\/wordpress\/plugins\/seo\/ -->\n<title>IZN Nord - Mit Biss f\u00fcr Ihre Z\u00e4hne - Weiterbildung f\u00fcr das Zahntechnikerhandwerk<\/title>\n<meta name=\"description\" content=\"Meistervorbereitungslehrg\u00e4nge, Gesellenvorbereitungskurse, Fachpraxisseminare\" \/>\n<meta name=\"robots\" content=\"index, follow, max-snippet:-1, max-image-preview:large, max-video-preview:-1\" \/>\n<link rel=\"canonical\" href=\"https:\/\/izn-nord.net\/?page_id=1211\" \/>\n<meta property=\"og:locale\" content=\"de_DE\" \/>\n<meta property=\"og:type\" content=\"article\" \/>\n<meta property=\"og:title\" content=\"IZN Nord - Mit Biss f\u00fcr Ihre Z\u00e4hne - Weiterbildung f\u00fcr das Zahntechnikerhandwerk\" \/>\n<meta property=\"og:description\" content=\"Meistervorbereitungslehrg\u00e4nge, Gesellenvorbereitungskurse, Fachpraxisseminare\" \/>\n<meta property=\"og:url\" content=\"https:\/\/izn-nord.net\/?page_id=1211\" \/>\n<meta property=\"og:site_name\" content=\"IZN-Nord\" \/>\n<meta property=\"article:modified_time\" content=\"2023-09-29T17:06:07+00:00\" \/>\n<meta property=\"og:image\" content=\"https:\/\/izn-nord.net\/wp-content\/uploads\/2023\/11\/IZN_Logo_Website_1200x675Px_11_23.jpg\" \/>\n\t<meta property=\"og:image:width\" content=\"14172\" \/>\n\t<meta property=\"og:image:height\" content=\"7972\" \/>\n\t<meta property=\"og:image:type\" content=\"image\/jpeg\" \/>\n<meta name=\"twitter:card\" content=\"summary_large_image\" \/>\n<script type=\"application\/ld+json\" class=\"yoast-schema-graph\">{\"@context\":\"https:\/\/schema.org\",\"@graph\":[{\"@type\":\"WebPage\",\"@id\":\"https:\/\/izn-nord.net\/?page_id=1211\",\"url\":\"https:\/\/izn-nord.net\/?page_id=1211\",\"name\":\"IZN Nord - Mit Biss f\u00fcr Ihre Z\u00e4hne - Weiterbildung f\u00fcr das Zahntechnikerhandwerk\",\"isPartOf\":{\"@id\":\"https:\/\/izn-nord.net\/#website\"},\"datePublished\":\"2023-09-27T14:02:07+00:00\",\"dateModified\":\"2023-09-29T17:06:07+00:00\",\"description\":\"Meistervorbereitungslehrg\u00e4nge, Gesellenvorbereitungskurse, Fachpraxisseminare\",\"inLanguage\":\"de-DE\",\"potentialAction\":[{\"@type\":\"ReadAction\",\"target\":[\"https:\/\/izn-nord.net\/?page_id=1211\"]}]},{\"@type\":\"WebSite\",\"@id\":\"https:\/\/izn-nord.net\/#website\",\"url\":\"https:\/\/izn-nord.net\/\",\"name\":\"IZN-Nord\",\"description\":\"Mit Biss f\u00fcr Ihre Z\u00e4hne\",\"publisher\":{\"@id\":\"https:\/\/izn-nord.net\/#organization\"},\"alternateName\":\"Institut des Zahntechnikerhandwerks in Niedersachsen und Bremen e.V.\",\"potentialAction\":[{\"@type\":\"SearchAction\",\"target\":{\"@type\":\"EntryPoint\",\"urlTemplate\":\"https:\/\/izn-nord.net\/?s={search_term_string}\"},\"query-input\":\"required name=search_term_string\"}],\"inLanguage\":\"de-DE\"},{\"@type\":\"Organization\",\"@id\":\"https:\/\/izn-nord.net\/#organization\",\"name\":\"IZN Nord\",\"alternateName\":\"Institut des Zahntechnikerhandwerks in Niedersachsen und Bremen e.V.\",\"url\":\"https:\/\/izn-nord.net\/\",\"logo\":{\"@type\":\"ImageObject\",\"inLanguage\":\"de-DE\",\"@id\":\"https:\/\/izn-nord.net\/#\/schema\/logo\/image\/\",\"url\":\"https:\/\/izn-nord.net\/wp-content\/uploads\/2023\/11\/IZN_Logo_Website_696x696Px_11_23.jpg\",\"contentUrl\":\"https:\/\/izn-nord.net\/wp-content\/uploads\/2023\/11\/IZN_Logo_Website_696x696Px_11_23.jpg\",\"width\":696,\"height\":696,\"caption\":\"IZN Nord\"},\"image\":{\"@id\":\"https:\/\/izn-nord.net\/#\/schema\/logo\/image\/\"},\"sameAs\":[\"https:\/\/www.instagram.com\/izn.nord\/?hl=de\"]}]}<\/script>\n<!-- \/ Yoast SEO plugin. -->","yoast_head_json":{"title":"IZN Nord - Mit Biss f\u00fcr Ihre Z\u00e4hne - Weiterbildung f\u00fcr das Zahntechnikerhandwerk","description":"Meistervorbereitungslehrg\u00e4nge, Gesellenvorbereitungskurse, Fachpraxisseminare","robots":{"index":"index","follow":"follow","max-snippet":"max-snippet:-1","max-image-preview":"max-image-preview:large","max-video-preview":"max-video-preview:-1"},"canonical":"https:\/\/izn-nord.net\/?page_id=1211","og_locale":"de_DE","og_type":"article","og_title":"IZN Nord - Mit Biss f\u00fcr Ihre Z\u00e4hne - Weiterbildung f\u00fcr das Zahntechnikerhandwerk","og_description":"Meistervorbereitungslehrg\u00e4nge, Gesellenvorbereitungskurse, Fachpraxisseminare","og_url":"https:\/\/izn-nord.net\/?page_id=1211","og_site_name":"IZN-Nord","article_modified_time":"2023-09-29T17:06:07+00:00","og_image":[{"width":14172,"height":7972,"url":"https:\/\/izn-nord.net\/wp-content\/uploads\/2023\/11\/IZN_Logo_Website_1200x675Px_11_23.jpg","type":"image\/jpeg"}],"twitter_card":"summary_large_image","schema":{"@context":"https:\/\/schema.org","@graph":[{"@type":"WebPage","@id":"https:\/\/izn-nord.net\/?page_id=1211","url":"https:\/\/izn-nord.net\/?page_id=1211","name":"IZN Nord - Mit Biss f\u00fcr Ihre Z\u00e4hne - Weiterbildung f\u00fcr das Zahntechnikerhandwerk","isPartOf":{"@id":"https:\/\/izn-nord.net\/#website"},"datePublished":"2023-09-27T14:02:07+00:00","dateModified":"2023-09-29T17:06:07+00:00","description":"Meistervorbereitungslehrg\u00e4nge, Gesellenvorbereitungskurse, Fachpraxisseminare","inLanguage":"de-DE","potentialAction":[{"@type":"ReadAction","target":["https:\/\/izn-nord.net\/?page_id=1211"]}]},{"@type":"WebSite","@id":"https:\/\/izn-nord.net\/#website","url":"https:\/\/izn-nord.net\/","name":"IZN-Nord","description":"Mit Biss f\u00fcr Ihre Z\u00e4hne","publisher":{"@id":"https:\/\/izn-nord.net\/#organization"},"alternateName":"Institut des Zahntechnikerhandwerks in Niedersachsen und Bremen e.V.","potentialAction":[{"@type":"SearchAction","target":{"@type":"EntryPoint","urlTemplate":"https:\/\/izn-nord.net\/?s={search_term_string}"},"query-input":"required name=search_term_string"}],"inLanguage":"de-DE"},{"@type":"Organization","@id":"https:\/\/izn-nord.net\/#organization","name":"IZN Nord","alternateName":"Institut des Zahntechnikerhandwerks in Niedersachsen und Bremen e.V.","url":"https:\/\/izn-nord.net\/","logo":{"@type":"ImageObject","inLanguage":"de-DE","@id":"https:\/\/izn-nord.net\/#\/schema\/logo\/image\/","url":"https:\/\/izn-nord.net\/wp-content\/uploads\/2023\/11\/IZN_Logo_Website_696x696Px_11_23.jpg","contentUrl":"https:\/\/izn-nord.net\/wp-content\/uploads\/2023\/11\/IZN_Logo_Website_696x696Px_11_23.jpg","width":696,"height":696,"caption":"IZN Nord"},"image":{"@id":"https:\/\/izn-nord.net\/#\/schema\/logo\/image\/"},"sameAs":["https:\/\/www.instagram.com\/izn.nord\/?hl=de"]}]}},"_links":{"self":[{"href":"https:\/\/izn-nord.net\/index.php?rest_route=\/wp\/v2\/pages\/1211"}],"collection":[{"href":"https:\/\/izn-nord.net\/index.php?rest_route=\/wp\/v2\/pages"}],"about":[{"href":"https:\/\/izn-nord.net\/index.php?rest_route=\/wp\/v2\/types\/page"}],"author":[{"embeddable":true,"href":"https:\/\/izn-nord.net\/index.php?rest_route=\/wp\/v2\/users\/6"}],"replies":[{"embeddable":true,"href":"https:\/\/izn-nord.net\/index.php?rest_route=%2Fwp%2Fv2%2Fcomments&post=1211"}],"version-history":[{"count":3,"href":"https:\/\/izn-nord.net\/index.php?rest_route=\/wp\/v2\/pages\/1211\/revisions"}],"predecessor-version":[{"id":1214,"href":"https:\/\/izn-nord.net\/index.php?rest_route=\/wp\/v2\/pages\/1211\/revisions\/1214"}],"wp:attachment":[{"href":"https:\/\/izn-nord.net\/index.php?rest_route=%2Fwp%2Fv2%2Fmedia&parent=1211"}],"curies":[{"name":"wp","href":"https:\/\/api.w.org\/{rel}","templated":true}]}}