{"id":1532,"date":"2023-11-07T15:03:41","date_gmt":"2023-11-07T15:03:41","guid":{"rendered":"https:\/\/izn-nord.net\/?page_id=1532"},"modified":"2023-11-08T10:32:28","modified_gmt":"2023-11-08T10:32:28","slug":"aufstiegs-bafoeg","status":"publish","type":"page","link":"https:\/\/izn-nord.net\/?page_id=1532","title":{"rendered":"Aufstiegs-BAf\u00f6G"},"content":{"rendered":"\n<p>Das von Bund und L\u00e4ndern gemeinsam finanzierte Aufstiegsfortbildungsf\u00f6rderungsgesetz (AFBG) \u2013 das sog. \u201eAufstiegs-BAf\u00f6G\u201c \u2013 begr\u00fcndet einen individuellen Rechtsanspruch auf F\u00f6rderung von beruflichen Aufstiegsfortbildungen, d. h. von Meisterkursen oder anderen auf einen vergleichbaren Fortbildungsabschluss vorbereitenden Lehrg\u00e4ngen. Das \u201eAufstiegs-BAf\u00f6G\u201c unterst\u00fctzt die Erweiterung und den Ausbau beruflicher Qualifizierung und st\u00e4rkt damit die Fortbildungsmotivation des Fachkr\u00e4ftenachwuchses. \u00dcber die Darlehensteilerlasse hinaus werden Anreize zum erfolgreichen Abschluss und den Schritt in die Selbstst\u00e4ndigkeit geschaffen.<\/p>\n\n\n\n<p>Zur <strong>Finanzierung der Lehrgangs- und Pr\u00fcfungsgeb\u00fchren<\/strong> k\u00f6nnen Sie einkommens- und verm\u00f6gensunabh\u00e4ngig einen Beitrag in H\u00f6he der tats\u00e4chlich anfallenden Geb\u00fchren erhalten, und zwar <strong>bis maximal 15.000 Euro<\/strong>. Seit dem 01. August 2020 erhalten Sie 50 Prozent der F\u00f6rderung als Zuschuss. F\u00fcr den Rest der F\u00f6rdersumme erhalten Sie ein Angebot der KfW \u00fcber ein zinsg\u00fcnstiges Bankdarlehen.<br>Zudem werden Ihnen auf Antrag bei bestandener Pr\u00fcfung seit dem 01. August 2020 50 Prozent des zu diesem Zeitpunkt noch nicht f\u00e4llig gewordenen Darlehens f\u00fcr die Lehrgangs- und Pr\u00fcfungsgeb\u00fchren erlassen. Ein vollst\u00e4ndiger Erlass erfolgt, wenn Sie im Anschluss der Aufstiegsfortbildung eine Existenz gr\u00fcnden.<\/p>\n\n\n\n<p>Zu den&nbsp;<strong>Materialkosten f\u00fcr Ihr Meisterpr\u00fcfungsprojekt<\/strong>&nbsp;k\u00f6nnen Sie eine F\u00f6rderung bis zur H\u00e4lfte der notwendigen Kosten und einer H\u00f6he von <strong>bis zu 2.000 Euro<\/strong> erhalten. 50 Prozent der F\u00f6rderung erhalten Sie auch hier als Zuschuss. F\u00fcr den Rest der F\u00f6rdersumme erhalten Sie ein Angebot der KfW \u00fcber ein zinsg\u00fcnstiges Bankdarlehen.<\/p>\n\n\n\n<p>Weitere Informationen erhalten Sie unter <strong>www.aufstiegs-bafoeg.de<\/strong><\/p>\n","protected":false},"excerpt":{"rendered":"<p>Das von Bund und L\u00e4ndern gemeinsam finanzierte Aufstiegsfortbildungsf\u00f6rderungsgesetz (AFBG) \u2013 das sog. \u201eAufstiegs-BAf\u00f6G\u201c \u2013 begr\u00fcndet einen individuellen Rechtsanspruch auf F\u00f6rderung von beruflichen Aufstiegsfortbildungen, d. h. von Meisterkursen oder anderen auf einen vergleichbaren Fortbildungsabschluss vorbereitenden Lehrg\u00e4ngen. Das \u201eAufstiegs-BAf\u00f6G\u201c unterst\u00fctzt die Erweiterung und den Ausbau beruflicher Qualifizierung und st\u00e4rkt damit die Fortbildungsmotivation des Fachkr\u00e4ftenachwuchses. \u00dcber die Darlehensteilerlasse hinaus werden Anreize zum erfolgreichen<\/p>\n<div class=\"read-more\"><a class=\"more-link\" href=\"https:\/\/izn-nord.net\/?page_id=1532\">Read More &#8230;<\/a><\/div>\n","protected":false},"author":6,"featured_media":0,"parent":0,"menu_order":0,"comment_status":"closed","ping_status":"closed","template":"","meta":{"ngg_post_thumbnail":0,"footnotes":"","_glsr_average":0,"_glsr_ranking":0,"_glsr_reviews":0},"yoast_head":"<!-- This site is optimized with the Yoast SEO plugin v23.1 - https:\/\/yoast.com\/wordpress\/plugins\/seo\/ -->\n<title>IZN Nord - Mit Biss f\u00fcr Ihre Z\u00e4hne - Weiterbildung f\u00fcr das Zahntechnikerhandwerk<\/title>\n<meta name=\"description\" content=\"Meistervorbereitungslehrg\u00e4nge, Gesellenvorbereitungskurse, Fachpraxisseminare\" \/>\n<meta name=\"robots\" content=\"index, follow, max-snippet:-1, max-image-preview:large, max-video-preview:-1\" \/>\n<link rel=\"canonical\" href=\"https:\/\/izn-nord.net\/?page_id=1532\" \/>\n<meta property=\"og:locale\" content=\"de_DE\" \/>\n<meta property=\"og:type\" content=\"article\" \/>\n<meta property=\"og:title\" content=\"IZN Nord - Mit Biss f\u00fcr Ihre Z\u00e4hne - Weiterbildung f\u00fcr das Zahntechnikerhandwerk\" \/>\n<meta property=\"og:description\" content=\"Meistervorbereitungslehrg\u00e4nge, Gesellenvorbereitungskurse, Fachpraxisseminare\" \/>\n<meta property=\"og:url\" content=\"https:\/\/izn-nord.net\/?page_id=1532\" \/>\n<meta property=\"og:site_name\" content=\"IZN-Nord\" \/>\n<meta property=\"article:modified_time\" content=\"2023-11-08T10:32:28+00:00\" \/>\n<meta property=\"og:image\" content=\"https:\/\/izn-nord.net\/wp-content\/uploads\/2023\/11\/IZN_Logo_Website_1200x675Px_11_23.jpg\" \/>\n\t<meta property=\"og:image:width\" content=\"14172\" \/>\n\t<meta property=\"og:image:height\" content=\"7972\" \/>\n\t<meta property=\"og:image:type\" content=\"image\/jpeg\" \/>\n<meta name=\"twitter:card\" content=\"summary_large_image\" \/>\n<meta name=\"twitter:label1\" content=\"Gesch\u00e4tzte Lesezeit\" \/>\n\t<meta name=\"twitter:data1\" content=\"1 Minute\" \/>\n<script type=\"application\/ld+json\" class=\"yoast-schema-graph\">{\"@context\":\"https:\/\/schema.org\",\"@graph\":[{\"@type\":\"WebPage\",\"@id\":\"https:\/\/izn-nord.net\/?page_id=1532\",\"url\":\"https:\/\/izn-nord.net\/?page_id=1532\",\"name\":\"IZN Nord - Mit Biss f\u00fcr Ihre Z\u00e4hne - Weiterbildung f\u00fcr das Zahntechnikerhandwerk\",\"isPartOf\":{\"@id\":\"https:\/\/izn-nord.net\/#website\"},\"datePublished\":\"2023-11-07T15:03:41+00:00\",\"dateModified\":\"2023-11-08T10:32:28+00:00\",\"description\":\"Meistervorbereitungslehrg\u00e4nge, Gesellenvorbereitungskurse, Fachpraxisseminare\",\"inLanguage\":\"de-DE\",\"potentialAction\":[{\"@type\":\"ReadAction\",\"target\":[\"https:\/\/izn-nord.net\/?page_id=1532\"]}]},{\"@type\":\"WebSite\",\"@id\":\"https:\/\/izn-nord.net\/#website\",\"url\":\"https:\/\/izn-nord.net\/\",\"name\":\"IZN-Nord\",\"description\":\"Mit Biss f\u00fcr Ihre Z\u00e4hne\",\"publisher\":{\"@id\":\"https:\/\/izn-nord.net\/#organization\"},\"alternateName\":\"Institut des Zahntechnikerhandwerks in Niedersachsen und Bremen e.V.\",\"potentialAction\":[{\"@type\":\"SearchAction\",\"target\":{\"@type\":\"EntryPoint\",\"urlTemplate\":\"https:\/\/izn-nord.net\/?s={search_term_string}\"},\"query-input\":\"required name=search_term_string\"}],\"inLanguage\":\"de-DE\"},{\"@type\":\"Organization\",\"@id\":\"https:\/\/izn-nord.net\/#organization\",\"name\":\"IZN Nord\",\"alternateName\":\"Institut des Zahntechnikerhandwerks in Niedersachsen und Bremen e.V.\",\"url\":\"https:\/\/izn-nord.net\/\",\"logo\":{\"@type\":\"ImageObject\",\"inLanguage\":\"de-DE\",\"@id\":\"https:\/\/izn-nord.net\/#\/schema\/logo\/image\/\",\"url\":\"https:\/\/izn-nord.net\/wp-content\/uploads\/2023\/11\/IZN_Logo_Website_696x696Px_11_23.jpg\",\"contentUrl\":\"https:\/\/izn-nord.net\/wp-content\/uploads\/2023\/11\/IZN_Logo_Website_696x696Px_11_23.jpg\",\"width\":696,\"height\":696,\"caption\":\"IZN Nord\"},\"image\":{\"@id\":\"https:\/\/izn-nord.net\/#\/schema\/logo\/image\/\"},\"sameAs\":[\"https:\/\/www.instagram.com\/izn.nord\/?hl=de\"]}]}<\/script>\n<!-- \/ Yoast SEO plugin. -->","yoast_head_json":{"title":"IZN Nord - Mit Biss f\u00fcr Ihre Z\u00e4hne - Weiterbildung f\u00fcr das Zahntechnikerhandwerk","description":"Meistervorbereitungslehrg\u00e4nge, Gesellenvorbereitungskurse, Fachpraxisseminare","robots":{"index":"index","follow":"follow","max-snippet":"max-snippet:-1","max-image-preview":"max-image-preview:large","max-video-preview":"max-video-preview:-1"},"canonical":"https:\/\/izn-nord.net\/?page_id=1532","og_locale":"de_DE","og_type":"article","og_title":"IZN Nord - Mit Biss f\u00fcr Ihre Z\u00e4hne - Weiterbildung f\u00fcr das Zahntechnikerhandwerk","og_description":"Meistervorbereitungslehrg\u00e4nge, Gesellenvorbereitungskurse, Fachpraxisseminare","og_url":"https:\/\/izn-nord.net\/?page_id=1532","og_site_name":"IZN-Nord","article_modified_time":"2023-11-08T10:32:28+00:00","og_image":[{"width":14172,"height":7972,"url":"https:\/\/izn-nord.net\/wp-content\/uploads\/2023\/11\/IZN_Logo_Website_1200x675Px_11_23.jpg","type":"image\/jpeg"}],"twitter_card":"summary_large_image","twitter_misc":{"Gesch\u00e4tzte Lesezeit":"1 Minute"},"schema":{"@context":"https:\/\/schema.org","@graph":[{"@type":"WebPage","@id":"https:\/\/izn-nord.net\/?page_id=1532","url":"https:\/\/izn-nord.net\/?page_id=1532","name":"IZN Nord - Mit Biss f\u00fcr Ihre Z\u00e4hne - Weiterbildung f\u00fcr das Zahntechnikerhandwerk","isPartOf":{"@id":"https:\/\/izn-nord.net\/#website"},"datePublished":"2023-11-07T15:03:41+00:00","dateModified":"2023-11-08T10:32:28+00:00","description":"Meistervorbereitungslehrg\u00e4nge, Gesellenvorbereitungskurse, Fachpraxisseminare","inLanguage":"de-DE","potentialAction":[{"@type":"ReadAction","target":["https:\/\/izn-nord.net\/?page_id=1532"]}]},{"@type":"WebSite","@id":"https:\/\/izn-nord.net\/#website","url":"https:\/\/izn-nord.net\/","name":"IZN-Nord","description":"Mit Biss f\u00fcr Ihre Z\u00e4hne","publisher":{"@id":"https:\/\/izn-nord.net\/#organization"},"alternateName":"Institut des Zahntechnikerhandwerks in Niedersachsen und Bremen e.V.","potentialAction":[{"@type":"SearchAction","target":{"@type":"EntryPoint","urlTemplate":"https:\/\/izn-nord.net\/?s={search_term_string}"},"query-input":"required name=search_term_string"}],"inLanguage":"de-DE"},{"@type":"Organization","@id":"https:\/\/izn-nord.net\/#organization","name":"IZN Nord","alternateName":"Institut des Zahntechnikerhandwerks in Niedersachsen und Bremen e.V.","url":"https:\/\/izn-nord.net\/","logo":{"@type":"ImageObject","inLanguage":"de-DE","@id":"https:\/\/izn-nord.net\/#\/schema\/logo\/image\/","url":"https:\/\/izn-nord.net\/wp-content\/uploads\/2023\/11\/IZN_Logo_Website_696x696Px_11_23.jpg","contentUrl":"https:\/\/izn-nord.net\/wp-content\/uploads\/2023\/11\/IZN_Logo_Website_696x696Px_11_23.jpg","width":696,"height":696,"caption":"IZN Nord"},"image":{"@id":"https:\/\/izn-nord.net\/#\/schema\/logo\/image\/"},"sameAs":["https:\/\/www.instagram.com\/izn.nord\/?hl=de"]}]}},"_links":{"self":[{"href":"https:\/\/izn-nord.net\/index.php?rest_route=\/wp\/v2\/pages\/1532"}],"collection":[{"href":"https:\/\/izn-nord.net\/index.php?rest_route=\/wp\/v2\/pages"}],"about":[{"href":"https:\/\/izn-nord.net\/index.php?rest_route=\/wp\/v2\/types\/page"}],"author":[{"embeddable":true,"href":"https:\/\/izn-nord.net\/index.php?rest_route=\/wp\/v2\/users\/6"}],"replies":[{"embeddable":true,"href":"https:\/\/izn-nord.net\/index.php?rest_route=%2Fwp%2Fv2%2Fcomments&post=1532"}],"version-history":[{"count":4,"href":"https:\/\/izn-nord.net\/index.php?rest_route=\/wp\/v2\/pages\/1532\/revisions"}],"predecessor-version":[{"id":1626,"href":"https:\/\/izn-nord.net\/index.php?rest_route=\/wp\/v2\/pages\/1532\/revisions\/1626"}],"wp:attachment":[{"href":"https:\/\/izn-nord.net\/index.php?rest_route=%2Fwp%2Fv2%2Fmedia&parent=1532"}],"curies":[{"name":"wp","href":"https:\/\/api.w.org\/{rel}","templated":true}]}}