{"id":1537,"date":"2023-11-07T15:06:40","date_gmt":"2023-11-07T15:06:40","guid":{"rendered":"https:\/\/izn-nord.net\/?page_id=1537"},"modified":"2023-11-08T10:31:27","modified_gmt":"2023-11-08T10:31:27","slug":"meisterpraemie-im-handwerk","status":"publish","type":"page","link":"https:\/\/izn-nord.net\/?page_id=1537","title":{"rendered":"Meisterpr\u00e4mie im Handwerk"},"content":{"rendered":"\n<p>Sie haben Ihre Meisterpru\u0308fung erfolgreich absolviert? Dann lassen Sie sich dafu\u0308r mit der nicht ru\u0308ckzuzahlenden Meisterpr\u00e4mie <strong>in H\u00f6he von 4.000 Euro<\/strong> belohnen! Sie gilt fu\u0308r Meisterinnen und Meister, die ihren Hauptwohnsitz oder Ort der sozialversicherungspflichtigen Besch\u00e4ftigung zum Zeitpunkt der Ausfertigung des Meisterpru\u0308fungszeugnisses seit mindestens 6 Monaten in Niedersachsen haben. Die Meisterpr\u00e4mie wird nicht auf Leistungen aus dem Aufstiegs-BAf\u00f6G (AFBG) angerechnet.<\/p>\n<p>Bei Ausstellungsdatum des Meisterpr\u00fcfungszeugnisses vor dem 01.07.2023 ist eine Antragstellung nur noch bis zum 31.12.2023 m\u00f6glich!<\/p>\n<p>Weitere Informationen erhalten Sie unter <strong>www.nbank.de<\/strong><\/p>\n","protected":false},"excerpt":{"rendered":"<p>Sie haben Ihre Meisterpru\u0308fung erfolgreich absolviert? Dann lassen Sie sich dafu\u0308r mit der nicht ru\u0308ckzuzahlenden Meisterpr\u00e4mie in H\u00f6he von 4.000 Euro belohnen! Sie gilt fu\u0308r Meisterinnen und Meister, die ihren Hauptwohnsitz oder Ort der sozialversicherungspflichtigen Besch\u00e4ftigung zum Zeitpunkt der Ausfertigung des Meisterpru\u0308fungszeugnisses seit mindestens 6 Monaten in Niedersachsen haben. Die Meisterpr\u00e4mie wird nicht auf Leistungen aus dem Aufstiegs-BAf\u00f6G (AFBG) angerechnet.<\/p>\n<div class=\"read-more\"><a class=\"more-link\" href=\"https:\/\/izn-nord.net\/?page_id=1537\">Read More &#8230;<\/a><\/div>\n","protected":false},"author":6,"featured_media":0,"parent":0,"menu_order":0,"comment_status":"closed","ping_status":"closed","template":"","meta":{"ngg_post_thumbnail":0,"footnotes":"","_glsr_average":0,"_glsr_ranking":0,"_glsr_reviews":0},"yoast_head":"<!-- This site is optimized with the Yoast SEO plugin v23.1 - https:\/\/yoast.com\/wordpress\/plugins\/seo\/ -->\n<title>IZN Nord - Mit Biss f\u00fcr Ihre Z\u00e4hne - Weiterbildung f\u00fcr das Zahntechnikerhandwerk<\/title>\n<meta name=\"description\" content=\"Meistervorbereitungslehrg\u00e4nge, Gesellenvorbereitungskurse, Fachpraxisseminare\" \/>\n<meta name=\"robots\" content=\"index, follow, max-snippet:-1, max-image-preview:large, max-video-preview:-1\" \/>\n<link rel=\"canonical\" href=\"https:\/\/izn-nord.net\/?page_id=1537\" \/>\n<meta property=\"og:locale\" content=\"de_DE\" \/>\n<meta property=\"og:type\" content=\"article\" \/>\n<meta property=\"og:title\" content=\"IZN Nord - Mit Biss f\u00fcr Ihre Z\u00e4hne - Weiterbildung f\u00fcr das Zahntechnikerhandwerk\" \/>\n<meta property=\"og:description\" content=\"Meistervorbereitungslehrg\u00e4nge, Gesellenvorbereitungskurse, Fachpraxisseminare\" \/>\n<meta property=\"og:url\" content=\"https:\/\/izn-nord.net\/?page_id=1537\" \/>\n<meta property=\"og:site_name\" content=\"IZN-Nord\" \/>\n<meta property=\"article:modified_time\" content=\"2023-11-08T10:31:27+00:00\" \/>\n<meta property=\"og:image\" content=\"https:\/\/izn-nord.net\/wp-content\/uploads\/2023\/11\/IZN_Logo_Website_1200x675Px_11_23.jpg\" \/>\n\t<meta property=\"og:image:width\" content=\"14172\" \/>\n\t<meta property=\"og:image:height\" content=\"7972\" \/>\n\t<meta property=\"og:image:type\" content=\"image\/jpeg\" \/>\n<meta name=\"twitter:card\" content=\"summary_large_image\" \/>\n<script type=\"application\/ld+json\" class=\"yoast-schema-graph\">{\"@context\":\"https:\/\/schema.org\",\"@graph\":[{\"@type\":\"WebPage\",\"@id\":\"https:\/\/izn-nord.net\/?page_id=1537\",\"url\":\"https:\/\/izn-nord.net\/?page_id=1537\",\"name\":\"IZN Nord - Mit Biss f\u00fcr Ihre Z\u00e4hne - Weiterbildung f\u00fcr das Zahntechnikerhandwerk\",\"isPartOf\":{\"@id\":\"https:\/\/izn-nord.net\/#website\"},\"datePublished\":\"2023-11-07T15:06:40+00:00\",\"dateModified\":\"2023-11-08T10:31:27+00:00\",\"description\":\"Meistervorbereitungslehrg\u00e4nge, Gesellenvorbereitungskurse, Fachpraxisseminare\",\"inLanguage\":\"de-DE\",\"potentialAction\":[{\"@type\":\"ReadAction\",\"target\":[\"https:\/\/izn-nord.net\/?page_id=1537\"]}]},{\"@type\":\"WebSite\",\"@id\":\"https:\/\/izn-nord.net\/#website\",\"url\":\"https:\/\/izn-nord.net\/\",\"name\":\"IZN-Nord\",\"description\":\"Mit Biss f\u00fcr Ihre Z\u00e4hne\",\"publisher\":{\"@id\":\"https:\/\/izn-nord.net\/#organization\"},\"alternateName\":\"Institut des Zahntechnikerhandwerks in Niedersachsen und Bremen e.V.\",\"potentialAction\":[{\"@type\":\"SearchAction\",\"target\":{\"@type\":\"EntryPoint\",\"urlTemplate\":\"https:\/\/izn-nord.net\/?s={search_term_string}\"},\"query-input\":\"required name=search_term_string\"}],\"inLanguage\":\"de-DE\"},{\"@type\":\"Organization\",\"@id\":\"https:\/\/izn-nord.net\/#organization\",\"name\":\"IZN Nord\",\"alternateName\":\"Institut des Zahntechnikerhandwerks in Niedersachsen und Bremen e.V.\",\"url\":\"https:\/\/izn-nord.net\/\",\"logo\":{\"@type\":\"ImageObject\",\"inLanguage\":\"de-DE\",\"@id\":\"https:\/\/izn-nord.net\/#\/schema\/logo\/image\/\",\"url\":\"https:\/\/izn-nord.net\/wp-content\/uploads\/2023\/11\/IZN_Logo_Website_696x696Px_11_23.jpg\",\"contentUrl\":\"https:\/\/izn-nord.net\/wp-content\/uploads\/2023\/11\/IZN_Logo_Website_696x696Px_11_23.jpg\",\"width\":696,\"height\":696,\"caption\":\"IZN Nord\"},\"image\":{\"@id\":\"https:\/\/izn-nord.net\/#\/schema\/logo\/image\/\"},\"sameAs\":[\"https:\/\/www.instagram.com\/izn.nord\/?hl=de\"]}]}<\/script>\n<!-- \/ Yoast SEO plugin. -->","yoast_head_json":{"title":"IZN Nord - Mit Biss f\u00fcr Ihre Z\u00e4hne - Weiterbildung f\u00fcr das Zahntechnikerhandwerk","description":"Meistervorbereitungslehrg\u00e4nge, Gesellenvorbereitungskurse, Fachpraxisseminare","robots":{"index":"index","follow":"follow","max-snippet":"max-snippet:-1","max-image-preview":"max-image-preview:large","max-video-preview":"max-video-preview:-1"},"canonical":"https:\/\/izn-nord.net\/?page_id=1537","og_locale":"de_DE","og_type":"article","og_title":"IZN Nord - Mit Biss f\u00fcr Ihre Z\u00e4hne - Weiterbildung f\u00fcr das Zahntechnikerhandwerk","og_description":"Meistervorbereitungslehrg\u00e4nge, Gesellenvorbereitungskurse, Fachpraxisseminare","og_url":"https:\/\/izn-nord.net\/?page_id=1537","og_site_name":"IZN-Nord","article_modified_time":"2023-11-08T10:31:27+00:00","og_image":[{"width":14172,"height":7972,"url":"https:\/\/izn-nord.net\/wp-content\/uploads\/2023\/11\/IZN_Logo_Website_1200x675Px_11_23.jpg","type":"image\/jpeg"}],"twitter_card":"summary_large_image","schema":{"@context":"https:\/\/schema.org","@graph":[{"@type":"WebPage","@id":"https:\/\/izn-nord.net\/?page_id=1537","url":"https:\/\/izn-nord.net\/?page_id=1537","name":"IZN Nord - Mit Biss f\u00fcr Ihre Z\u00e4hne - Weiterbildung f\u00fcr das Zahntechnikerhandwerk","isPartOf":{"@id":"https:\/\/izn-nord.net\/#website"},"datePublished":"2023-11-07T15:06:40+00:00","dateModified":"2023-11-08T10:31:27+00:00","description":"Meistervorbereitungslehrg\u00e4nge, Gesellenvorbereitungskurse, Fachpraxisseminare","inLanguage":"de-DE","potentialAction":[{"@type":"ReadAction","target":["https:\/\/izn-nord.net\/?page_id=1537"]}]},{"@type":"WebSite","@id":"https:\/\/izn-nord.net\/#website","url":"https:\/\/izn-nord.net\/","name":"IZN-Nord","description":"Mit Biss f\u00fcr Ihre Z\u00e4hne","publisher":{"@id":"https:\/\/izn-nord.net\/#organization"},"alternateName":"Institut des Zahntechnikerhandwerks in Niedersachsen und Bremen e.V.","potentialAction":[{"@type":"SearchAction","target":{"@type":"EntryPoint","urlTemplate":"https:\/\/izn-nord.net\/?s={search_term_string}"},"query-input":"required name=search_term_string"}],"inLanguage":"de-DE"},{"@type":"Organization","@id":"https:\/\/izn-nord.net\/#organization","name":"IZN Nord","alternateName":"Institut des Zahntechnikerhandwerks in Niedersachsen und Bremen e.V.","url":"https:\/\/izn-nord.net\/","logo":{"@type":"ImageObject","inLanguage":"de-DE","@id":"https:\/\/izn-nord.net\/#\/schema\/logo\/image\/","url":"https:\/\/izn-nord.net\/wp-content\/uploads\/2023\/11\/IZN_Logo_Website_696x696Px_11_23.jpg","contentUrl":"https:\/\/izn-nord.net\/wp-content\/uploads\/2023\/11\/IZN_Logo_Website_696x696Px_11_23.jpg","width":696,"height":696,"caption":"IZN Nord"},"image":{"@id":"https:\/\/izn-nord.net\/#\/schema\/logo\/image\/"},"sameAs":["https:\/\/www.instagram.com\/izn.nord\/?hl=de"]}]}},"_links":{"self":[{"href":"https:\/\/izn-nord.net\/index.php?rest_route=\/wp\/v2\/pages\/1537"}],"collection":[{"href":"https:\/\/izn-nord.net\/index.php?rest_route=\/wp\/v2\/pages"}],"about":[{"href":"https:\/\/izn-nord.net\/index.php?rest_route=\/wp\/v2\/types\/page"}],"author":[{"embeddable":true,"href":"https:\/\/izn-nord.net\/index.php?rest_route=\/wp\/v2\/users\/6"}],"replies":[{"embeddable":true,"href":"https:\/\/izn-nord.net\/index.php?rest_route=%2Fwp%2Fv2%2Fcomments&post=1537"}],"version-history":[{"count":3,"href":"https:\/\/izn-nord.net\/index.php?rest_route=\/wp\/v2\/pages\/1537\/revisions"}],"predecessor-version":[{"id":1625,"href":"https:\/\/izn-nord.net\/index.php?rest_route=\/wp\/v2\/pages\/1537\/revisions\/1625"}],"wp:attachment":[{"href":"https:\/\/izn-nord.net\/index.php?rest_route=%2Fwp%2Fv2%2Fmedia&parent=1537"}],"curies":[{"name":"wp","href":"https:\/\/api.w.org\/{rel}","templated":true}]}}