{"id":1923,"date":"2024-03-01T16:49:59","date_gmt":"2024-03-01T16:49:59","guid":{"rendered":"https:\/\/izn-nord.net\/?page_id=1923"},"modified":"2026-02-04T07:41:48","modified_gmt":"2026-02-04T07:41:48","slug":"lehrgang-zahn-5-23","status":"publish","type":"page","link":"https:\/\/izn-nord.net\/?page_id=1923","title":{"rendered":"Lehrgang Zahn 5\/23"},"content":{"rendered":"\n<p><b>Was wird gemacht?<\/b><\/p>\n<ul>\n<li>Herstellung von Prim\u00e4r- und Sekund\u00e4rteilen (Teleskope); Einweisung in analoge Fr\u00e4stechniken<\/li>\n<li>Auffrischung verschiedener Dentalsoftware<\/li>\n<li>Virtuelle Konstruktion einer Zirkonfrontzahnbr\u00fccke inkl. theoretischer Grundlagen, Bearbeitung des Frontzahnger\u00fcstes, Vorbereitung f\u00fcr Verblendung, \u00e4sthetische Keramikverblendung<span class=\"Apple-converted-space\">&nbsp;<\/span><\/li>\n<li>\u00c4nderungen oder Anpassungen sind m\u00f6glich<\/li>\n<\/ul>\n<p><b>Bitte bringen Sie mit:<\/b><\/p>\n<ul>\n<li><strong>Arbeitskleidung, Schutzbrille, Handschuhe<\/strong><\/li>\n<li>Pers\u00f6nliches Instrumentarium: Modellierinstrumente und Wachse, Tasterzirkel, Artifolie, Fr\u00e4ser Metall und Keramik, Moorescheiben, Diamantscheiben, Schichtpinsel, Schichtplatten, Wasserbecher, Teleskopzange, Gummipolierer, Polierb\u00fcrsten, Pattern Resin Pinsel, Teleskopzange, Fr\u00e4ser und Schleifer zum Ausarbeiten von Metall und Zirkon. (eventuell wenn vorhanden ein kleiner Tisch-Spiegel.<\/li>\n<\/ul>\n","protected":false},"excerpt":{"rendered":"<p>Was wird gemacht? Herstellung von Prim\u00e4r- und Sekund\u00e4rteilen (Teleskope); Einweisung in analoge Fr\u00e4stechniken Auffrischung verschiedener Dentalsoftware Virtuelle Konstruktion einer Zirkonfrontzahnbr\u00fccke inkl. theoretischer Grundlagen, Bearbeitung des Frontzahnger\u00fcstes, Vorbereitung f\u00fcr Verblendung, \u00e4sthetische Keramikverblendung&nbsp; \u00c4nderungen oder Anpassungen sind m\u00f6glich Bitte bringen Sie mit: Arbeitskleidung, Schutzbrille, Handschuhe Pers\u00f6nliches Instrumentarium: Modellierinstrumente und Wachse, Tasterzirkel, Artifolie, Fr\u00e4ser Metall und Keramik, Moorescheiben, Diamantscheiben, Schichtpinsel, Schichtplatten, Wasserbecher, Teleskopzange,<\/p>\n<div class=\"read-more\"><a class=\"more-link\" href=\"https:\/\/izn-nord.net\/?page_id=1923\">Read More &#8230;<\/a><\/div>\n","protected":false},"author":3,"featured_media":0,"parent":0,"menu_order":0,"comment_status":"closed","ping_status":"closed","template":"","meta":{"ngg_post_thumbnail":0,"footnotes":"","_glsr_average":0,"_glsr_ranking":0,"_glsr_reviews":0},"yoast_head":"<!-- This site is optimized with the Yoast SEO plugin v23.1 - https:\/\/yoast.com\/wordpress\/plugins\/seo\/ -->\n<title>IZN Nord - Weiterbildung f\u00fcr das Zahntechnikerhandwerk<\/title>\n<meta name=\"description\" content=\"Meistervorbereitungslehrg\u00e4nge, Gesellenvorbereitungskurse, Fachpraxisseminare\" \/>\n<meta name=\"robots\" content=\"index, follow, max-snippet:-1, max-image-preview:large, max-video-preview:-1\" \/>\n<link rel=\"canonical\" href=\"https:\/\/izn-nord.net\/?page_id=1923\" \/>\n<meta property=\"og:locale\" content=\"de_DE\" \/>\n<meta property=\"og:type\" content=\"article\" \/>\n<meta property=\"og:title\" content=\"IZN Nord - Weiterbildung f\u00fcr das Zahntechnikerhandwerk\" \/>\n<meta property=\"og:description\" content=\"Meistervorbereitungslehrg\u00e4nge, Gesellenvorbereitungskurse, Fachpraxisseminare\" \/>\n<meta property=\"og:url\" content=\"https:\/\/izn-nord.net\/?page_id=1923\" \/>\n<meta property=\"og:site_name\" content=\"IZN-Nord\" \/>\n<meta property=\"article:modified_time\" content=\"2026-02-04T07:41:48+00:00\" \/>\n<meta property=\"og:image\" content=\"https:\/\/izn-nord.net\/wp-content\/uploads\/2023\/11\/IZN_Logo_Website_1200x675Px_11_23.jpg\" \/>\n\t<meta property=\"og:image:width\" content=\"14172\" \/>\n\t<meta property=\"og:image:height\" content=\"7972\" \/>\n\t<meta property=\"og:image:type\" content=\"image\/jpeg\" \/>\n<meta name=\"twitter:card\" content=\"summary_large_image\" \/>\n<meta name=\"twitter:label1\" content=\"Gesch\u00e4tzte Lesezeit\" \/>\n\t<meta name=\"twitter:data1\" content=\"1 Minute\" \/>\n<script type=\"application\/ld+json\" class=\"yoast-schema-graph\">{\"@context\":\"https:\/\/schema.org\",\"@graph\":[{\"@type\":\"WebPage\",\"@id\":\"https:\/\/izn-nord.net\/?page_id=1923\",\"url\":\"https:\/\/izn-nord.net\/?page_id=1923\",\"name\":\"IZN Nord - Weiterbildung f\u00fcr das Zahntechnikerhandwerk\",\"isPartOf\":{\"@id\":\"https:\/\/izn-nord.net\/#website\"},\"datePublished\":\"2024-03-01T16:49:59+00:00\",\"dateModified\":\"2026-02-04T07:41:48+00:00\",\"description\":\"Meistervorbereitungslehrg\u00e4nge, Gesellenvorbereitungskurse, Fachpraxisseminare\",\"inLanguage\":\"de-DE\",\"potentialAction\":[{\"@type\":\"ReadAction\",\"target\":[\"https:\/\/izn-nord.net\/?page_id=1923\"]}]},{\"@type\":\"WebSite\",\"@id\":\"https:\/\/izn-nord.net\/#website\",\"url\":\"https:\/\/izn-nord.net\/\",\"name\":\"IZN-Nord\",\"description\":\"Mit Biss f\u00fcr Ihre Z\u00e4hne\",\"publisher\":{\"@id\":\"https:\/\/izn-nord.net\/#organization\"},\"alternateName\":\"Institut des Zahntechnikerhandwerks in Niedersachsen und Bremen e.V.\",\"potentialAction\":[{\"@type\":\"SearchAction\",\"target\":{\"@type\":\"EntryPoint\",\"urlTemplate\":\"https:\/\/izn-nord.net\/?s={search_term_string}\"},\"query-input\":\"required name=search_term_string\"}],\"inLanguage\":\"de-DE\"},{\"@type\":\"Organization\",\"@id\":\"https:\/\/izn-nord.net\/#organization\",\"name\":\"IZN Nord\",\"alternateName\":\"Institut des Zahntechnikerhandwerks in Niedersachsen und Bremen e.V.\",\"url\":\"https:\/\/izn-nord.net\/\",\"logo\":{\"@type\":\"ImageObject\",\"inLanguage\":\"de-DE\",\"@id\":\"https:\/\/izn-nord.net\/#\/schema\/logo\/image\/\",\"url\":\"https:\/\/izn-nord.net\/wp-content\/uploads\/2023\/11\/IZN_Logo_Website_696x696Px_11_23.jpg\",\"contentUrl\":\"https:\/\/izn-nord.net\/wp-content\/uploads\/2023\/11\/IZN_Logo_Website_696x696Px_11_23.jpg\",\"width\":696,\"height\":696,\"caption\":\"IZN Nord\"},\"image\":{\"@id\":\"https:\/\/izn-nord.net\/#\/schema\/logo\/image\/\"},\"sameAs\":[\"https:\/\/www.instagram.com\/izn.nord\/?hl=de\"]}]}<\/script>\n<!-- \/ Yoast SEO plugin. -->","yoast_head_json":{"title":"IZN Nord - Weiterbildung f\u00fcr das Zahntechnikerhandwerk","description":"Meistervorbereitungslehrg\u00e4nge, Gesellenvorbereitungskurse, Fachpraxisseminare","robots":{"index":"index","follow":"follow","max-snippet":"max-snippet:-1","max-image-preview":"max-image-preview:large","max-video-preview":"max-video-preview:-1"},"canonical":"https:\/\/izn-nord.net\/?page_id=1923","og_locale":"de_DE","og_type":"article","og_title":"IZN Nord - Weiterbildung f\u00fcr das Zahntechnikerhandwerk","og_description":"Meistervorbereitungslehrg\u00e4nge, Gesellenvorbereitungskurse, Fachpraxisseminare","og_url":"https:\/\/izn-nord.net\/?page_id=1923","og_site_name":"IZN-Nord","article_modified_time":"2026-02-04T07:41:48+00:00","og_image":[{"width":14172,"height":7972,"url":"https:\/\/izn-nord.net\/wp-content\/uploads\/2023\/11\/IZN_Logo_Website_1200x675Px_11_23.jpg","type":"image\/jpeg"}],"twitter_card":"summary_large_image","twitter_misc":{"Gesch\u00e4tzte Lesezeit":"1 Minute"},"schema":{"@context":"https:\/\/schema.org","@graph":[{"@type":"WebPage","@id":"https:\/\/izn-nord.net\/?page_id=1923","url":"https:\/\/izn-nord.net\/?page_id=1923","name":"IZN Nord - Weiterbildung f\u00fcr das Zahntechnikerhandwerk","isPartOf":{"@id":"https:\/\/izn-nord.net\/#website"},"datePublished":"2024-03-01T16:49:59+00:00","dateModified":"2026-02-04T07:41:48+00:00","description":"Meistervorbereitungslehrg\u00e4nge, Gesellenvorbereitungskurse, Fachpraxisseminare","inLanguage":"de-DE","potentialAction":[{"@type":"ReadAction","target":["https:\/\/izn-nord.net\/?page_id=1923"]}]},{"@type":"WebSite","@id":"https:\/\/izn-nord.net\/#website","url":"https:\/\/izn-nord.net\/","name":"IZN-Nord","description":"Mit Biss f\u00fcr Ihre Z\u00e4hne","publisher":{"@id":"https:\/\/izn-nord.net\/#organization"},"alternateName":"Institut des Zahntechnikerhandwerks in Niedersachsen und Bremen e.V.","potentialAction":[{"@type":"SearchAction","target":{"@type":"EntryPoint","urlTemplate":"https:\/\/izn-nord.net\/?s={search_term_string}"},"query-input":"required name=search_term_string"}],"inLanguage":"de-DE"},{"@type":"Organization","@id":"https:\/\/izn-nord.net\/#organization","name":"IZN Nord","alternateName":"Institut des Zahntechnikerhandwerks in Niedersachsen und Bremen e.V.","url":"https:\/\/izn-nord.net\/","logo":{"@type":"ImageObject","inLanguage":"de-DE","@id":"https:\/\/izn-nord.net\/#\/schema\/logo\/image\/","url":"https:\/\/izn-nord.net\/wp-content\/uploads\/2023\/11\/IZN_Logo_Website_696x696Px_11_23.jpg","contentUrl":"https:\/\/izn-nord.net\/wp-content\/uploads\/2023\/11\/IZN_Logo_Website_696x696Px_11_23.jpg","width":696,"height":696,"caption":"IZN Nord"},"image":{"@id":"https:\/\/izn-nord.net\/#\/schema\/logo\/image\/"},"sameAs":["https:\/\/www.instagram.com\/izn.nord\/?hl=de"]}]}},"_links":{"self":[{"href":"https:\/\/izn-nord.net\/index.php?rest_route=\/wp\/v2\/pages\/1923"}],"collection":[{"href":"https:\/\/izn-nord.net\/index.php?rest_route=\/wp\/v2\/pages"}],"about":[{"href":"https:\/\/izn-nord.net\/index.php?rest_route=\/wp\/v2\/types\/page"}],"author":[{"embeddable":true,"href":"https:\/\/izn-nord.net\/index.php?rest_route=\/wp\/v2\/users\/3"}],"replies":[{"embeddable":true,"href":"https:\/\/izn-nord.net\/index.php?rest_route=%2Fwp%2Fv2%2Fcomments&post=1923"}],"version-history":[{"count":7,"href":"https:\/\/izn-nord.net\/index.php?rest_route=\/wp\/v2\/pages\/1923\/revisions"}],"predecessor-version":[{"id":2488,"href":"https:\/\/izn-nord.net\/index.php?rest_route=\/wp\/v2\/pages\/1923\/revisions\/2488"}],"wp:attachment":[{"href":"https:\/\/izn-nord.net\/index.php?rest_route=%2Fwp%2Fv2%2Fmedia&parent=1923"}],"curies":[{"name":"wp","href":"https:\/\/api.w.org\/{rel}","templated":true}]}}