{"id":2018,"date":"2024-05-07T11:43:57","date_gmt":"2024-05-07T11:43:57","guid":{"rendered":"https:\/\/izn-nord.net\/?page_id=2018"},"modified":"2024-06-13T14:05:15","modified_gmt":"2024-06-13T14:05:15","slug":"qualitaetspolitik-und-leitbild","status":"publish","type":"page","link":"https:\/\/izn-nord.net\/?page_id=2018","title":{"rendered":"Qualit\u00e4tspolitik und Leitbild"},"content":{"rendered":"\n<p>Das Institut des Zahntechnikerhandwerks Niedersachsen und Bremen e.V. (IZN) ist eine Bildungseinrichtung fu\u0308r das nieders\u00e4chsische Zahntechnikerhandwerk in der gemeinsamen Tr\u00e4gerschaft der Handwerkskammer Hannover und der Nieders\u00e4chsischen Zahntechniker-Innung. Das Institut hat 1996 seine Arbeit aufgenommen. Durchgefu\u0308hrt werden Ma\u00dfnahmen der u\u0308berbetrieblichen Lehrlingsunterweisung, Gesellenfortbildung, Meistervorbereitung und allgemeine Fort- und Weiterbildung im kaufm\u00e4nnisch-betriebswirtschaftlichen und gewerblich-technischen Bereich.<br>Seit nunmehr 20 Jahren ist das Institut mit all seinen Mitarbeitern hochmotiviert, das Grundfundament der jungen Zahntechniker aus Niedersachsen wesentlich zu pr\u00e4gen. Die immer ausgefeilteren Techniken und die ju\u0308ngste Entwicklung in der CAD\/CAM Technologie erfordern st\u00e4ndig h\u00f6chste Innovation im Bereich der Aus- und selbstverst\u00e4ndlich auch in der Weiterbildung. Die Unternehmer werden im IZN wirtschaftsorientiert auf die immer h\u00f6heren Anforderungen vorbereitet und unterstu\u0308tzt.<br>Das Institut des Zahntechnikerhandwerks Niedersachsen und Bremen e.V. hat seine Qualit\u00e4tspolitik in folgenden Leits\u00e4tzen festgelegt:<\/p>\n\n\n\n<ol>\n<li><strong>Ziel<\/strong><br>Der Qualifizierungsbedarf im Zahntechnikerhandwerk nimmt best\u00e4ndig zu: CAD\/CAM-Technologien, Lasermelting-Anwendungen, Plottertechniken oder Oralscanning-Verfahren ver\u00e4ndern den technischen Alltag in den Dentallaboren zunehmend. Daru\u0308ber hinaus fordern gestiegene Anspru\u0308che der Kunden, Engp\u00e4sse auf dem Fachkr\u00e4ftemarkt und gesundheitspolitische Ver\u00e4nderungen selbst\u00e4ndige und angestellte Zahntechnikerinnen und Zahntechniker zunehmend.<br>Fu\u0308r zahntechnische Unternehmen bedeutet dies: Investitionen sowohl in fachliche als auch in u\u0308berfachliche Qualifizierungsma\u00dfnahmen, um wettbewerbsf\u00e4hig zu bleiben.<br>Aber auch fu\u0308r die Fachkr\u00e4fte in den Dentallaboren ist berufliche Fort- und Weiterbildung der Schlu\u0308ssel zum Erfolg. Nur wer sein Wissen und sein Know-how kontinuierlich auf dem Laufenden h\u00e4lt, wird auf dem Arbeitsmarkt langfristig Erfolg haben.<br>Unser Ziel ist, Laborinhaberinnen und Laborinhaber sowie Zahntechnikerinnen und Zahntechniker gleicherma\u00dfen in ihren Weiterbildungsvorhaben zu unterstu\u0308tzen. Das IZN bietet ein breites Spektrum an technischen Lehrg\u00e4ngen und Unternehmensfu\u0308hrungsseminaren, um Auszubildende, Fach- und Fu\u0308hrungskr\u00e4fte sowie Unternehmerinnen und Unternehmer zukunftsorientiert fort- und weiterzubilden.                                                                                 <\/li>\n\n\n\n<li><strong>Kunde<\/strong><br>Als Kunde verstehen wir alle natu\u0308rlichen und juristischen Personen, die uns als Partner in Anspruch nehmen \u2013 unabh\u00e4ngig von Alter, Geschlecht, Nationalit\u00e4t, Religionszugeh\u00f6rigkeit, Ausbildungs-\/Qualifizierungsstand, in Arbeit befindlich oder arbeitsuchend, ob Selbstzahler oder von Dritten gef\u00f6rdert.<br>Umfassende Information und Beratung sind die Basis fu\u0308r den pers\u00f6nlichen Weiterbildungserfolg unserer Kunden. <\/li>\n\n\n\n<li><strong>Partner<\/strong><br>Das IZN unterh\u00e4lt gemeinsam mit der <strong>Handwerkskammer Hannover<\/strong> umfangreiche Beratungsdienste fu\u0308r (fast) alle Fragen des Betriebsalltages. Ein kompetentes und erfahrenes Beraterteam steht dafu\u0308r zur Verfu\u0308gung.<br>Die <strong>Akademie des Handwerks (AdH)<\/strong> der Handwerkskammer Hannover bietet erg\u00e4nzende Kurse im Bereich kaufm\u00e4nnische-betriebswirtschaftliche Weiterbildung an und unterstu\u0308tzt damit den Bildungserfolg unserer Kunden.<br>Die Tochtergesellschaft der Handwerkskammer Hannover \u2013 die <strong>HWK Hannover Projekt und Servicegesellschaft mbH (PSG)<\/strong> \u2013 ist fu\u0308r die Unterbringung und Verpflegung unserer Auszubildenden und Meisterschu\u0308ler zust\u00e4ndig.<br>Ein weiterer zuverl\u00e4ssiger Partner ist die <strong>Zahntechniker-Innung Niedersachsen-Bremen (ZINB)<\/strong>, die ihre Mitglieder in wirtschaftlichen, rechtlichen und sozialpolitischen Belangen unterstu\u0308tzt.<br>Ferner arbeiten wir eng mit qualifizierten Fachleuten zusammen, die \u00fcber eine umfangreiche Berufserfahrung verfu\u0308gen. Dies garantiert unseren Kunden ein spannendes und produktives Lernerlebnis und uns eine qualitativ hochwertige Wissensvermittlung.<\/li>\n\n\n\n<li><strong>Mitarbeiter \/ Organisation<\/strong><br>Eine enge Zusammenarbeit und kurze Entscheidungswege bilden die Basis unseres Erfolges. Gem\u00e4\u00df des urspru\u0308nglichen Sinnes bedeutet Team fu\u0308r uns: Zusammenschluss zur Erreichung eines gemeinsamen Zieles!<\/li>\n\n\n\n<li><strong>Kontinuierlicher Verbesserungsprozess<\/strong><br>Nur eine st\u00e4ndige Aktualisierung und Optimierung der Gesch\u00e4ftsprozesse unserer Einrichtungen lassen die uns selbst gesetzten und die von au\u00dfen von uns geforderten Qualit\u00e4tsstandards halten und verbessern. Daher werden die Prozesse regelm\u00e4\u00dfig u\u0308berpru\u0308ft und angepasst. Das Ergebnis wird durch die Zertifizierung nach DIN EN ISO 9001:2015 best\u00e4tigt.<\/li>\n<\/ol>\n","protected":false},"excerpt":{"rendered":"<p>Das Institut des Zahntechnikerhandwerks Niedersachsen und Bremen e.V. (IZN) ist eine Bildungseinrichtung fu\u0308r das nieders\u00e4chsische Zahntechnikerhandwerk in der gemeinsamen Tr\u00e4gerschaft der Handwerkskammer Hannover und der Nieders\u00e4chsischen Zahntechniker-Innung. Das Institut hat 1996 seine Arbeit aufgenommen. Durchgefu\u0308hrt werden Ma\u00dfnahmen der u\u0308berbetrieblichen Lehrlingsunterweisung, Gesellenfortbildung, Meistervorbereitung und allgemeine Fort- und Weiterbildung im kaufm\u00e4nnisch-betriebswirtschaftlichen und gewerblich-technischen Bereich.Seit nunmehr 20 Jahren ist das Institut mit all<\/p>\n<div class=\"read-more\"><a class=\"more-link\" href=\"https:\/\/izn-nord.net\/?page_id=2018\">Read More &#8230;<\/a><\/div>\n","protected":false},"author":6,"featured_media":0,"parent":0,"menu_order":0,"comment_status":"closed","ping_status":"closed","template":"","meta":{"ngg_post_thumbnail":0,"footnotes":"","_glsr_average":0,"_glsr_ranking":0,"_glsr_reviews":0},"yoast_head":"<!-- This site is optimized with the Yoast SEO plugin v23.1 - https:\/\/yoast.com\/wordpress\/plugins\/seo\/ -->\n<title>IZN Qualit\u00e4tspolitik und Leitbild<\/title>\n<meta name=\"description\" content=\"IZN Qualit\u00e4tspolitik und Leitbild, Meistervorbereitung, Gesellenvorbereitung, Fachpraxisseminare, \u00dcberbetriebliche Lehrlingsausbildung\" \/>\n<meta name=\"robots\" content=\"index, follow, max-snippet:-1, max-image-preview:large, max-video-preview:-1\" \/>\n<link rel=\"canonical\" href=\"https:\/\/izn-nord.net\/?page_id=2018\" \/>\n<meta property=\"og:locale\" content=\"de_DE\" \/>\n<meta property=\"og:type\" content=\"article\" \/>\n<meta property=\"og:title\" content=\"IZN Qualit\u00e4tspolitik und Leitbild\" \/>\n<meta property=\"og:description\" content=\"IZN Qualit\u00e4tspolitik und Leitbild, Meistervorbereitung, Gesellenvorbereitung, Fachpraxisseminare, \u00dcberbetriebliche Lehrlingsausbildung\" \/>\n<meta property=\"og:url\" content=\"https:\/\/izn-nord.net\/?page_id=2018\" \/>\n<meta property=\"og:site_name\" content=\"IZN-Nord\" \/>\n<meta property=\"article:modified_time\" content=\"2024-06-13T14:05:15+00:00\" \/>\n<meta property=\"og:image\" content=\"https:\/\/izn-nord.net\/wp-content\/uploads\/2023\/11\/IZN_Logo_Website_1200x675Px_11_23.jpg\" \/>\n\t<meta property=\"og:image:width\" content=\"14172\" \/>\n\t<meta property=\"og:image:height\" content=\"7972\" \/>\n\t<meta property=\"og:image:type\" content=\"image\/jpeg\" \/>\n<meta name=\"twitter:card\" content=\"summary_large_image\" \/>\n<meta name=\"twitter:label1\" content=\"Gesch\u00e4tzte Lesezeit\" \/>\n\t<meta name=\"twitter:data1\" content=\"3 Minuten\" \/>\n<script type=\"application\/ld+json\" class=\"yoast-schema-graph\">{\"@context\":\"https:\/\/schema.org\",\"@graph\":[{\"@type\":\"WebPage\",\"@id\":\"https:\/\/izn-nord.net\/?page_id=2018\",\"url\":\"https:\/\/izn-nord.net\/?page_id=2018\",\"name\":\"IZN Qualit\u00e4tspolitik und Leitbild\",\"isPartOf\":{\"@id\":\"https:\/\/izn-nord.net\/#website\"},\"datePublished\":\"2024-05-07T11:43:57+00:00\",\"dateModified\":\"2024-06-13T14:05:15+00:00\",\"description\":\"IZN Qualit\u00e4tspolitik und Leitbild, Meistervorbereitung, Gesellenvorbereitung, Fachpraxisseminare, \u00dcberbetriebliche Lehrlingsausbildung\",\"inLanguage\":\"de-DE\",\"potentialAction\":[{\"@type\":\"ReadAction\",\"target\":[\"https:\/\/izn-nord.net\/?page_id=2018\"]}]},{\"@type\":\"WebSite\",\"@id\":\"https:\/\/izn-nord.net\/#website\",\"url\":\"https:\/\/izn-nord.net\/\",\"name\":\"IZN-Nord\",\"description\":\"Mit Biss f\u00fcr Ihre Z\u00e4hne\",\"publisher\":{\"@id\":\"https:\/\/izn-nord.net\/#organization\"},\"alternateName\":\"Institut des Zahntechnikerhandwerks in Niedersachsen und Bremen e.V.\",\"potentialAction\":[{\"@type\":\"SearchAction\",\"target\":{\"@type\":\"EntryPoint\",\"urlTemplate\":\"https:\/\/izn-nord.net\/?s={search_term_string}\"},\"query-input\":\"required name=search_term_string\"}],\"inLanguage\":\"de-DE\"},{\"@type\":\"Organization\",\"@id\":\"https:\/\/izn-nord.net\/#organization\",\"name\":\"IZN Nord\",\"alternateName\":\"Institut des Zahntechnikerhandwerks in Niedersachsen und Bremen e.V.\",\"url\":\"https:\/\/izn-nord.net\/\",\"logo\":{\"@type\":\"ImageObject\",\"inLanguage\":\"de-DE\",\"@id\":\"https:\/\/izn-nord.net\/#\/schema\/logo\/image\/\",\"url\":\"https:\/\/izn-nord.net\/wp-content\/uploads\/2023\/11\/IZN_Logo_Website_696x696Px_11_23.jpg\",\"contentUrl\":\"https:\/\/izn-nord.net\/wp-content\/uploads\/2023\/11\/IZN_Logo_Website_696x696Px_11_23.jpg\",\"width\":696,\"height\":696,\"caption\":\"IZN Nord\"},\"image\":{\"@id\":\"https:\/\/izn-nord.net\/#\/schema\/logo\/image\/\"},\"sameAs\":[\"https:\/\/www.instagram.com\/izn.nord\/?hl=de\"]}]}<\/script>\n<!-- \/ Yoast SEO plugin. -->","yoast_head_json":{"title":"IZN Qualit\u00e4tspolitik und Leitbild","description":"IZN Qualit\u00e4tspolitik und Leitbild, Meistervorbereitung, Gesellenvorbereitung, Fachpraxisseminare, \u00dcberbetriebliche Lehrlingsausbildung","robots":{"index":"index","follow":"follow","max-snippet":"max-snippet:-1","max-image-preview":"max-image-preview:large","max-video-preview":"max-video-preview:-1"},"canonical":"https:\/\/izn-nord.net\/?page_id=2018","og_locale":"de_DE","og_type":"article","og_title":"IZN Qualit\u00e4tspolitik und Leitbild","og_description":"IZN Qualit\u00e4tspolitik und Leitbild, Meistervorbereitung, Gesellenvorbereitung, Fachpraxisseminare, \u00dcberbetriebliche Lehrlingsausbildung","og_url":"https:\/\/izn-nord.net\/?page_id=2018","og_site_name":"IZN-Nord","article_modified_time":"2024-06-13T14:05:15+00:00","og_image":[{"width":14172,"height":7972,"url":"https:\/\/izn-nord.net\/wp-content\/uploads\/2023\/11\/IZN_Logo_Website_1200x675Px_11_23.jpg","type":"image\/jpeg"}],"twitter_card":"summary_large_image","twitter_misc":{"Gesch\u00e4tzte Lesezeit":"3 Minuten"},"schema":{"@context":"https:\/\/schema.org","@graph":[{"@type":"WebPage","@id":"https:\/\/izn-nord.net\/?page_id=2018","url":"https:\/\/izn-nord.net\/?page_id=2018","name":"IZN Qualit\u00e4tspolitik und Leitbild","isPartOf":{"@id":"https:\/\/izn-nord.net\/#website"},"datePublished":"2024-05-07T11:43:57+00:00","dateModified":"2024-06-13T14:05:15+00:00","description":"IZN Qualit\u00e4tspolitik und Leitbild, Meistervorbereitung, Gesellenvorbereitung, Fachpraxisseminare, \u00dcberbetriebliche Lehrlingsausbildung","inLanguage":"de-DE","potentialAction":[{"@type":"ReadAction","target":["https:\/\/izn-nord.net\/?page_id=2018"]}]},{"@type":"WebSite","@id":"https:\/\/izn-nord.net\/#website","url":"https:\/\/izn-nord.net\/","name":"IZN-Nord","description":"Mit Biss f\u00fcr Ihre Z\u00e4hne","publisher":{"@id":"https:\/\/izn-nord.net\/#organization"},"alternateName":"Institut des Zahntechnikerhandwerks in Niedersachsen und Bremen e.V.","potentialAction":[{"@type":"SearchAction","target":{"@type":"EntryPoint","urlTemplate":"https:\/\/izn-nord.net\/?s={search_term_string}"},"query-input":"required name=search_term_string"}],"inLanguage":"de-DE"},{"@type":"Organization","@id":"https:\/\/izn-nord.net\/#organization","name":"IZN Nord","alternateName":"Institut des Zahntechnikerhandwerks in Niedersachsen und Bremen e.V.","url":"https:\/\/izn-nord.net\/","logo":{"@type":"ImageObject","inLanguage":"de-DE","@id":"https:\/\/izn-nord.net\/#\/schema\/logo\/image\/","url":"https:\/\/izn-nord.net\/wp-content\/uploads\/2023\/11\/IZN_Logo_Website_696x696Px_11_23.jpg","contentUrl":"https:\/\/izn-nord.net\/wp-content\/uploads\/2023\/11\/IZN_Logo_Website_696x696Px_11_23.jpg","width":696,"height":696,"caption":"IZN Nord"},"image":{"@id":"https:\/\/izn-nord.net\/#\/schema\/logo\/image\/"},"sameAs":["https:\/\/www.instagram.com\/izn.nord\/?hl=de"]}]}},"_links":{"self":[{"href":"https:\/\/izn-nord.net\/index.php?rest_route=\/wp\/v2\/pages\/2018"}],"collection":[{"href":"https:\/\/izn-nord.net\/index.php?rest_route=\/wp\/v2\/pages"}],"about":[{"href":"https:\/\/izn-nord.net\/index.php?rest_route=\/wp\/v2\/types\/page"}],"author":[{"embeddable":true,"href":"https:\/\/izn-nord.net\/index.php?rest_route=\/wp\/v2\/users\/6"}],"replies":[{"embeddable":true,"href":"https:\/\/izn-nord.net\/index.php?rest_route=%2Fwp%2Fv2%2Fcomments&post=2018"}],"version-history":[{"count":13,"href":"https:\/\/izn-nord.net\/index.php?rest_route=\/wp\/v2\/pages\/2018\/revisions"}],"predecessor-version":[{"id":2042,"href":"https:\/\/izn-nord.net\/index.php?rest_route=\/wp\/v2\/pages\/2018\/revisions\/2042"}],"wp:attachment":[{"href":"https:\/\/izn-nord.net\/index.php?rest_route=%2Fwp%2Fv2%2Fmedia&parent=2018"}],"curies":[{"name":"wp","href":"https:\/\/api.w.org\/{rel}","templated":true}]}}