{"id":82,"date":"2016-11-18T11:16:02","date_gmt":"2016-11-18T11:16:02","guid":{"rendered":"http:\/\/izn-nord.net\/?page_id=82"},"modified":"2026-01-30T16:40:10","modified_gmt":"2026-01-30T16:40:10","slug":"impressum","status":"publish","type":"page","link":"https:\/\/izn-nord.net\/?page_id=82","title":{"rendered":"Impressum"},"content":{"rendered":"<p class=\" \"><strong>Institut des Zahntechnikerhandwerks in Niedersachsen und Bremen e.V.<br><\/strong>Seeweg 4<br>30827 Garbsen<\/p>\n<p class=\" \">Tel. 05131 4773 57\/58<br>Fax 05131 4773 59<br>E-mail: info@izn-nord.de<\/p>\n<p><strong>Gesch\u00e4ftsf\u00fchrer<\/strong><br>Dipl.-Oec.troph. Matthias M\u00f6lle<i><strong><br><\/strong><\/i>Jens Diedrich, Zahntechnikermeister\/Betriebswirt des Handwerks&nbsp;<\/p>\n<p><strong>Vereinsregister<\/strong><br>Amtsgericht Hannover, VR 6967<\/p>\n<p><strong>Verantwortlich f\u00fcr den Inhalt<br><\/strong>Jens Diedrich<\/p>\n<p><strong>Realisierung<\/strong><br>Jens Diedrich\/Word Press<\/p>\n<p><strong>Zust\u00e4ndiger&nbsp;<\/strong><b>Vereinsvorstand&nbsp;<\/b><\/p>\n<p>Thomas Gehre (Handwerkskammer Hannover, Pr\u00e4sident)<\/p>\n<p>Peter Karst (Handwerkskammer Hannover, Hauptgesch\u00e4ftsf\u00fchrer, www.hwk-hannover.de)<\/p>\n<p>Frank R\u00fcbeling (Obermeister der Zahntechniker-Innung Niedersachsen-Bremen)&nbsp;<\/p>\n<p>Viola Ullrich (Zahntechniker-Innung Niedersachsen-Bremen, Gesch\u00e4ftsf\u00fchrerin, www.zinb.de)<\/p>\n<p><strong>Haftungshinweis<br><\/strong>Trotz sorgf\u00e4ltiger inhaltlicher Kontrolle \u00fcbernehmen wir keine Haftung f\u00fcr die Inhalte externer Links. F\u00fcr den Inhalt der verlinkten Seiten sind ausschlie\u00dflich deren Betreiber verantwortlich.<\/p>\n<p><strong>Automatisch erfasste nicht personenbezogene Daten und Erzeugung von Cookies<\/strong><br>Wenn Sie auf unsere Websites zugreifen, werden gelegentlich automatisch (also nicht \u00fcber eine Registrierung) erzeugte Informationen gesammelt, die nicht einer bestimmten Person zugeordnet werden k\u00f6nnen (z. B. vermittels eines Internetbrowser oder einem Betriebssystem; Domainnamen von Webseiten, von denen aus \u00fcber einen Weblink ein Zugriff erfolgt; Anzahl der Besuche; durchschnittliche Verweilzeit; aufgerufene Seiten).<\/p>\n<p>Wir verwenden diese Informationen, um den Auftritt unseren Webseiten st\u00e4ndig zu verbessern und zu aktualisieren sowie um die Attraktivit\u00e4t zu erh\u00f6hen. Wenn Sie eine unserer Websites besuchen, kann es sein, dass durch uns veranlasst Informationen in Form eines &#8222;Cookies&#8220; auf Ihrem Computer abgelegt werden, die Ihren Computer bei Ihrem n\u00e4chsten Besuch automatisch wieder erkennen.<\/p>\n<p>Cookies erlauben es uns unter anderem, eine Website Ihren W\u00fcnschen anzupassen oder Ihr Kennwort so zu speichern, dass Sie es nicht jedes Mal neu eingeben m\u00fcssen. Wenn Sie nicht w\u00fcnschen, dass wir Informationen \u00fcber Ihren Computer wieder erkennen, stellen Sie Ihren Internetbrowser bitte so ein, dass er Cookies von Ihrer Computerfestplatte l\u00f6scht, alle Cookies blockiert oder Sie warnt, bevor ein Cookie gespeichert wird.<\/p>\n<p><strong>Rechtliches \/ Disclaimer<\/strong><\/p>\n<p class=\" \"><strong><i>Inhalte und Verf\u00fcgbarkeit des Internetangebots<br><\/i><\/strong>Obwohl die Inhalte dieser Internetseite mit gr\u00f6\u00dftm\u00f6glicher Sorgfalt erstellt wurden \u00fcbernimmt das Institut des Zahntechnikerhandwerks in Niedersachsen und Bremen e.V. keine Haftung f\u00fcr die Vollst\u00e4ndigkeit, Korrektheit und Aktualit\u00e4t der bereitgestellten Inhalte und Preisangaben; daher ist das Angebot freibleibend und unverbindlich.<\/p>\n<p class=\" \"><strong>Haftungsausschluss<\/strong><\/p>\n<p class=\" \"><strong><i>Externe Links<br><\/i><\/strong>Bei den auf der Webseite des Institut des Zahntechnikerhandwerks in Niedersachsen und Bremen e.V. enthaltenen Links (Querverweisen) zu den Webseiten anderer Anbieter waren zum Zeitpunkt der Verkn\u00fcpfung keine illegalen Inhalte auf den zu verlinkenden Seiten erkennbar. Da f\u00fcr die Inhalte dieser Webseiten der jeweilige Betreiber verantwortlich ist kann das Institut des Zahntechnikerhandwerks in Niedersachsen und Bremen e.V. f\u00fcr diese keine Haftung \u00fcbernehmen. Sollte uns bekannt werden, dass auf diesen Seiten Rechtsverletzungen bestehen, werden diese Links umgehend entfernt.<\/p>\n<p class=\" \"><strong><i>Forumsinhalte<\/i><\/strong><br>Des Weiteren erkl\u00e4rt das Institut des Zahntechnikerhandwerks in Niedersachsen und Bremen e.V. ausdr\u00fccklich, dass Inhalte des Forums nicht zwingend der Meinung des IZN entsprechen. Den Nutzern des Forums ist es untersagt Beitr\u00e4ge zu ver\u00f6ffentlichen, die diffamierend, verleumderisch, obsz\u00f6n, vulg\u00e4r, sexuell orientiert, bedrohlich sind oder gegen sonstige gesetzliche Bestimmungen versto\u00dfen. Ferner darf keine Rechtsberatung stattfinden oder Beitr\u00e4ge als Rechtsberatung verstanden werden. Obwohl das Institut des Zahntechnikerhandwerks in Niedersachsen und Bremen e.V. bem\u00fcht ist alle unerw\u00fcnschten Beitr\u00e4ge von diesem Forum fernzuhalten, ist es uns unm\u00f6glich, dass wir alle Eintr\u00e4ge umgehend \u00fcberpr\u00fcfen k\u00f6nnen. Das Institut des Zahntechnikerhandwerks in Niedersachsen und Bremen &nbsp;e.V. \u00fcbernimmt somit keine Verantwortung oder Haftung f\u00fcr den Inhalt des Forums. Ferner behalten wir uns das Recht vor Beitr\u00e4ge zu l\u00f6schen, zu bearbeiten, zu verschieben oder zu schlie\u00dfen.<\/p>\n<p>&nbsp;<\/p>\n<p><strong>Bildernachweise<br><\/strong>Slider-Fotos: \u201eKrokodil\u201d pixabay, \u201eL\u00f6we\u201c \u00a9purich &#8211; stock.adobe.com, \u201ePeperoni\u201c \u00a9Yuriy Shevtsov &#8211; stock.adobe.com, \u201eCAD\/CAM\u201d \u00a9Job; Beitrags-Fotos: \u00a9Job, \u00a9IZN; \u00a9karepa, \u00a9Natalia Lazareva &#8211; stock.adobe.com; Instagram-Logo: freepnglogos.com<\/p>\n\n","protected":false},"excerpt":{"rendered":"<p>Institut des Zahntechnikerhandwerks in Niedersachsen und Bremen e.V.Seeweg 430827 Garbsen Tel. 05131 4773 57\/58Fax 05131 4773 59E-mail: info@izn-nord.de Gesch\u00e4ftsf\u00fchrerDipl.-Oec.troph. Matthias M\u00f6lleJens Diedrich, Zahntechnikermeister\/Betriebswirt des Handwerks&nbsp; VereinsregisterAmtsgericht Hannover, VR 6967 Verantwortlich f\u00fcr den InhaltJens Diedrich RealisierungJens Diedrich\/Word Press Zust\u00e4ndiger&nbsp;Vereinsvorstand&nbsp; Thomas Gehre (Handwerkskammer Hannover, Pr\u00e4sident) Peter Karst (Handwerkskammer Hannover, Hauptgesch\u00e4ftsf\u00fchrer, www.hwk-hannover.de) Frank R\u00fcbeling (Obermeister der Zahntechniker-Innung Niedersachsen-Bremen)&nbsp; Viola Ullrich (Zahntechniker-Innung Niedersachsen-Bremen, Gesch\u00e4ftsf\u00fchrerin,<\/p>\n<div class=\"read-more\"><a class=\"more-link\" href=\"https:\/\/izn-nord.net\/?page_id=82\">Read More &#8230;<\/a><\/div>\n","protected":false},"author":3,"featured_media":0,"parent":0,"menu_order":0,"comment_status":"closed","ping_status":"closed","template":"","meta":{"ngg_post_thumbnail":0,"footnotes":"","_glsr_average":0,"_glsr_ranking":0,"_glsr_reviews":0},"yoast_head":"<!-- This site is optimized with the Yoast SEO plugin v23.1 - https:\/\/yoast.com\/wordpress\/plugins\/seo\/ -->\n<title>IZN Nord - Mit Biss f\u00fcr Ihre Z\u00e4hne - Weiterbildung f\u00fcr das Zahntechnikerhandwerk<\/title>\n<meta name=\"description\" content=\"Meistervorbereitungslehrg\u00e4nge, Gesellenvorbereitungskurse, Fachpraxisseminare\" \/>\n<meta name=\"robots\" content=\"index, follow, max-snippet:-1, max-image-preview:large, max-video-preview:-1\" \/>\n<link rel=\"canonical\" href=\"https:\/\/izn-nord.net\/?page_id=82\" \/>\n<meta property=\"og:locale\" content=\"de_DE\" \/>\n<meta property=\"og:type\" content=\"article\" \/>\n<meta property=\"og:title\" content=\"IZN Nord - Mit Biss f\u00fcr Ihre Z\u00e4hne - Weiterbildung f\u00fcr das Zahntechnikerhandwerk\" \/>\n<meta property=\"og:description\" content=\"Meistervorbereitungslehrg\u00e4nge, Gesellenvorbereitungskurse, Fachpraxisseminare\" \/>\n<meta property=\"og:url\" content=\"https:\/\/izn-nord.net\/?page_id=82\" \/>\n<meta property=\"og:site_name\" content=\"IZN-Nord\" \/>\n<meta property=\"article:modified_time\" content=\"2026-01-30T16:40:10+00:00\" \/>\n<meta property=\"og:image\" content=\"https:\/\/izn-nord.net\/wp-content\/uploads\/2023\/11\/IZN_Logo_Website_1200x675Px_11_23.jpg\" \/>\n\t<meta property=\"og:image:width\" content=\"14172\" \/>\n\t<meta property=\"og:image:height\" content=\"7972\" \/>\n\t<meta property=\"og:image:type\" content=\"image\/jpeg\" \/>\n<meta name=\"twitter:card\" content=\"summary_large_image\" \/>\n<meta name=\"twitter:label1\" content=\"Gesch\u00e4tzte Lesezeit\" \/>\n\t<meta name=\"twitter:data1\" content=\"4 Minuten\" \/>\n<script type=\"application\/ld+json\" class=\"yoast-schema-graph\">{\"@context\":\"https:\/\/schema.org\",\"@graph\":[{\"@type\":\"WebPage\",\"@id\":\"https:\/\/izn-nord.net\/?page_id=82\",\"url\":\"https:\/\/izn-nord.net\/?page_id=82\",\"name\":\"IZN Nord - Mit Biss f\u00fcr Ihre Z\u00e4hne - Weiterbildung f\u00fcr das Zahntechnikerhandwerk\",\"isPartOf\":{\"@id\":\"https:\/\/izn-nord.net\/#website\"},\"datePublished\":\"2016-11-18T11:16:02+00:00\",\"dateModified\":\"2026-01-30T16:40:10+00:00\",\"description\":\"Meistervorbereitungslehrg\u00e4nge, Gesellenvorbereitungskurse, Fachpraxisseminare\",\"inLanguage\":\"de-DE\",\"potentialAction\":[{\"@type\":\"ReadAction\",\"target\":[\"https:\/\/izn-nord.net\/?page_id=82\"]}]},{\"@type\":\"WebSite\",\"@id\":\"https:\/\/izn-nord.net\/#website\",\"url\":\"https:\/\/izn-nord.net\/\",\"name\":\"IZN-Nord\",\"description\":\"Mit Biss f\u00fcr Ihre Z\u00e4hne\",\"publisher\":{\"@id\":\"https:\/\/izn-nord.net\/#organization\"},\"alternateName\":\"Institut des Zahntechnikerhandwerks in Niedersachsen und Bremen e.V.\",\"potentialAction\":[{\"@type\":\"SearchAction\",\"target\":{\"@type\":\"EntryPoint\",\"urlTemplate\":\"https:\/\/izn-nord.net\/?s={search_term_string}\"},\"query-input\":\"required name=search_term_string\"}],\"inLanguage\":\"de-DE\"},{\"@type\":\"Organization\",\"@id\":\"https:\/\/izn-nord.net\/#organization\",\"name\":\"IZN Nord\",\"alternateName\":\"Institut des Zahntechnikerhandwerks in Niedersachsen und Bremen e.V.\",\"url\":\"https:\/\/izn-nord.net\/\",\"logo\":{\"@type\":\"ImageObject\",\"inLanguage\":\"de-DE\",\"@id\":\"https:\/\/izn-nord.net\/#\/schema\/logo\/image\/\",\"url\":\"https:\/\/izn-nord.net\/wp-content\/uploads\/2023\/11\/IZN_Logo_Website_696x696Px_11_23.jpg\",\"contentUrl\":\"https:\/\/izn-nord.net\/wp-content\/uploads\/2023\/11\/IZN_Logo_Website_696x696Px_11_23.jpg\",\"width\":696,\"height\":696,\"caption\":\"IZN Nord\"},\"image\":{\"@id\":\"https:\/\/izn-nord.net\/#\/schema\/logo\/image\/\"},\"sameAs\":[\"https:\/\/www.instagram.com\/izn.nord\/?hl=de\"]}]}<\/script>\n<!-- \/ Yoast SEO plugin. -->","yoast_head_json":{"title":"IZN Nord - Mit Biss f\u00fcr Ihre Z\u00e4hne - Weiterbildung f\u00fcr das Zahntechnikerhandwerk","description":"Meistervorbereitungslehrg\u00e4nge, Gesellenvorbereitungskurse, Fachpraxisseminare","robots":{"index":"index","follow":"follow","max-snippet":"max-snippet:-1","max-image-preview":"max-image-preview:large","max-video-preview":"max-video-preview:-1"},"canonical":"https:\/\/izn-nord.net\/?page_id=82","og_locale":"de_DE","og_type":"article","og_title":"IZN Nord - Mit Biss f\u00fcr Ihre Z\u00e4hne - Weiterbildung f\u00fcr das Zahntechnikerhandwerk","og_description":"Meistervorbereitungslehrg\u00e4nge, Gesellenvorbereitungskurse, Fachpraxisseminare","og_url":"https:\/\/izn-nord.net\/?page_id=82","og_site_name":"IZN-Nord","article_modified_time":"2026-01-30T16:40:10+00:00","og_image":[{"width":14172,"height":7972,"url":"https:\/\/izn-nord.net\/wp-content\/uploads\/2023\/11\/IZN_Logo_Website_1200x675Px_11_23.jpg","type":"image\/jpeg"}],"twitter_card":"summary_large_image","twitter_misc":{"Gesch\u00e4tzte Lesezeit":"4 Minuten"},"schema":{"@context":"https:\/\/schema.org","@graph":[{"@type":"WebPage","@id":"https:\/\/izn-nord.net\/?page_id=82","url":"https:\/\/izn-nord.net\/?page_id=82","name":"IZN Nord - Mit Biss f\u00fcr Ihre Z\u00e4hne - Weiterbildung f\u00fcr das Zahntechnikerhandwerk","isPartOf":{"@id":"https:\/\/izn-nord.net\/#website"},"datePublished":"2016-11-18T11:16:02+00:00","dateModified":"2026-01-30T16:40:10+00:00","description":"Meistervorbereitungslehrg\u00e4nge, Gesellenvorbereitungskurse, Fachpraxisseminare","inLanguage":"de-DE","potentialAction":[{"@type":"ReadAction","target":["https:\/\/izn-nord.net\/?page_id=82"]}]},{"@type":"WebSite","@id":"https:\/\/izn-nord.net\/#website","url":"https:\/\/izn-nord.net\/","name":"IZN-Nord","description":"Mit Biss f\u00fcr Ihre Z\u00e4hne","publisher":{"@id":"https:\/\/izn-nord.net\/#organization"},"alternateName":"Institut des Zahntechnikerhandwerks in Niedersachsen und Bremen e.V.","potentialAction":[{"@type":"SearchAction","target":{"@type":"EntryPoint","urlTemplate":"https:\/\/izn-nord.net\/?s={search_term_string}"},"query-input":"required name=search_term_string"}],"inLanguage":"de-DE"},{"@type":"Organization","@id":"https:\/\/izn-nord.net\/#organization","name":"IZN Nord","alternateName":"Institut des Zahntechnikerhandwerks in Niedersachsen und Bremen e.V.","url":"https:\/\/izn-nord.net\/","logo":{"@type":"ImageObject","inLanguage":"de-DE","@id":"https:\/\/izn-nord.net\/#\/schema\/logo\/image\/","url":"https:\/\/izn-nord.net\/wp-content\/uploads\/2023\/11\/IZN_Logo_Website_696x696Px_11_23.jpg","contentUrl":"https:\/\/izn-nord.net\/wp-content\/uploads\/2023\/11\/IZN_Logo_Website_696x696Px_11_23.jpg","width":696,"height":696,"caption":"IZN Nord"},"image":{"@id":"https:\/\/izn-nord.net\/#\/schema\/logo\/image\/"},"sameAs":["https:\/\/www.instagram.com\/izn.nord\/?hl=de"]}]}},"_links":{"self":[{"href":"https:\/\/izn-nord.net\/index.php?rest_route=\/wp\/v2\/pages\/82"}],"collection":[{"href":"https:\/\/izn-nord.net\/index.php?rest_route=\/wp\/v2\/pages"}],"about":[{"href":"https:\/\/izn-nord.net\/index.php?rest_route=\/wp\/v2\/types\/page"}],"author":[{"embeddable":true,"href":"https:\/\/izn-nord.net\/index.php?rest_route=\/wp\/v2\/users\/3"}],"replies":[{"embeddable":true,"href":"https:\/\/izn-nord.net\/index.php?rest_route=%2Fwp%2Fv2%2Fcomments&post=82"}],"version-history":[{"count":42,"href":"https:\/\/izn-nord.net\/index.php?rest_route=\/wp\/v2\/pages\/82\/revisions"}],"predecessor-version":[{"id":2484,"href":"https:\/\/izn-nord.net\/index.php?rest_route=\/wp\/v2\/pages\/82\/revisions\/2484"}],"wp:attachment":[{"href":"https:\/\/izn-nord.net\/index.php?rest_route=%2Fwp%2Fv2%2Fmedia&parent=82"}],"curies":[{"name":"wp","href":"https:\/\/api.w.org\/{rel}","templated":true}]}}